{"id":96,"date":"2024-07-01T16:17:38","date_gmt":"2024-07-01T14:17:38","guid":{"rendered":"http:\/\/obkgqww.cluster023.hosting.ovh.net\/?page_id=96"},"modified":"2025-10-29T13:21:05","modified_gmt":"2025-10-29T12:21:05","slug":"organigramme","status":"publish","type":"page","link":"https:\/\/www.berlioz-anhb.com\/index.php\/lassociation\/organigramme\/","title":{"rendered":"Organigramme"},"content":{"rendered":"\n<h2 class=\"wp-block-heading\"><strong>Association nationale Hector Berlioz (AnHB)<\/strong><\/h2>\n\n\n\n<hr class=\"wp-block-separator has-text-color has-cyan-bluish-gray-color has-alpha-channel-opacity has-cyan-bluish-gray-background-color has-background\"\/>\n\n\n\n<h3 class=\"wp-block-heading\"><strong>Pr\u00e9sident<\/strong><\/h3>\n\n\n\n<p>G\u00e9rard COND\u00c9<\/p>\n\n\n\n<hr class=\"wp-block-separator has-text-color has-cyan-bluish-gray-color has-alpha-channel-opacity has-cyan-bluish-gray-background-color has-background\"\/>\n\n\n\n<h3 class=\"wp-block-heading\"><strong>Comit\u00e9 d\u2019honneur<\/strong><\/h3>\n\n\n\n<p>Gilbert AMY, de l\u2019Institut, Pierre BERG\u00c9 (\u2020), Hugues DUFOURT, Pascal DUSAPIN, Philippe HERSANT,<br>Betsy JOLAS, Micha\u00ebl L\u00c9VINAS, de l\u2019Institut, Fran\u00e7ois-Bernard M\u00c2CHE, de l\u2019Institut, G\u00e9rard PESSON<\/p>\n\n\n\n<hr class=\"wp-block-separator has-text-color has-cyan-bluish-gray-color has-alpha-channel-opacity has-cyan-bluish-gray-background-color has-background\"\/>\n\n\n\n<h3 class=\"wp-block-heading\"><strong>Membres d\u2019honneur<\/strong><\/h3>\n\n\n\n<p>Anna Caterina ANTONACCI, Michel AUSTIN, Dame Janet BAKER, Jean-Pierre BARTOLI,<br>Serge BAUDO, Peter BLOOM, David CAIRNS, Sylvain CAMBRELING, Gilles CANTAGREL,<br>Jean-Claude CASADESUS, G\u00e9rard CAUSS\u00c9, Viorica CORTEZ, Marie-H\u00e9l\u00e8ne COUDROY-SAGHA\u00cf,<br>Brigitte FRAN\u00c7OIS-SAPPEY, Sir John Eliot GARDINER, Yves G\u00c9RARD (\u2020), Alain LOMBARD, Jean-Pierre LOR\u00c9, Hugh MACDONALD, John NELSON (\u2020), Jean-Paul PENIN, Michel PLASSON, Emmanuel REIBEL,<br>Fran\u00e7ois-Xavier ROTH, Monir TAYEB (\u2020), Jean-Fran\u00e7ois ZYGEL<\/p>\n\n\n\n<hr class=\"wp-block-separator has-text-color has-cyan-bluish-gray-color has-alpha-channel-opacity has-cyan-bluish-gray-background-color has-background\"\/>\n\n\n\n<h3 class=\"wp-block-heading\"><strong>Conseil d\u2019administration<\/strong><\/h3>\n\n\n\n<p><strong><em>Membres \u00e9lus<\/em><\/strong><\/p>\n\n\n\n<p>G\u00e9rard COND\u00c9 (pr\u00e9sident), Josiane BOULARD (vice-pr\u00e9sidente), Patrick MOREL (vice-pr\u00e9sident),<br>Alain ROUSSELON (tr\u00e9sorier), Anne BONGRAIN (\u2020), Pascal BEYLS, Dominique HAUSFATER, Sabine LE HIR, Pierre-Ren\u00e9 SERNA, Christian WASSELIN<\/p>\n\n\n\n<p><strong><em>Membres de droit<\/em><\/strong><\/p>\n\n\n\n<p>M. le Pr\u00e9sident du Conseil d\u00e9partemental de l\u2019Is\u00e8re, M. le Conseiller d\u00e9partemental du canton de<br>La C\u00f4te-Saint-Andr\u00e9, M. le Maire de La C\u00f4te-Saint-Andr\u00e9, M. le responsable du mus\u00e9e Hector-Berlioz,<br>M. le Pr\u00e9sident de l\u2019Agence is\u00e9roise de diffusion artistique (AIDA), M. le Directeur du Festival Berlioz<\/p>\n","protected":false},"excerpt":{"rendered":"<p>Association nationale Hector Berlioz (AnHB) Pr\u00e9sident G\u00e9rard COND\u00c9 Comit\u00e9 d\u2019honneur Gilbert AMY, de l\u2019Institut, Pierre BERG\u00c9 (\u2020), Hugues DUFOURT, Pascal DUSAPIN, Philippe HERSANT,Betsy JOLAS, Micha\u00ebl L\u00c9VINAS, de l\u2019Institut, Fran\u00e7ois-Bernard M\u00c2CHE, [&hellip;]<\/p>\n","protected":false},"author":1,"featured_media":4280,"parent":14,"menu_order":0,"comment_status":"closed","ping_status":"closed","template":"","meta":{"footnotes":""},"class_list":["post-96","page","type-page","status-publish","has-post-thumbnail","hentry"],"_links":{"self":[{"href":"https:\/\/www.berlioz-anhb.com\/index.php\/wp-json\/wp\/v2\/pages\/96","targetHints":{"allow":["GET"]}}],"collection":[{"href":"https:\/\/www.berlioz-anhb.com\/index.php\/wp-json\/wp\/v2\/pages"}],"about":[{"href":"https:\/\/www.berlioz-anhb.com\/index.php\/wp-json\/wp\/v2\/types\/page"}],"author":[{"embeddable":true,"href":"https:\/\/www.berlioz-anhb.com\/index.php\/wp-json\/wp\/v2\/users\/1"}],"replies":[{"embeddable":true,"href":"https:\/\/www.berlioz-anhb.com\/index.php\/wp-json\/wp\/v2\/comments?post=96"}],"version-history":[{"count":18,"href":"https:\/\/www.berlioz-anhb.com\/index.php\/wp-json\/wp\/v2\/pages\/96\/revisions"}],"predecessor-version":[{"id":4593,"href":"https:\/\/www.berlioz-anhb.com\/index.php\/wp-json\/wp\/v2\/pages\/96\/revisions\/4593"}],"up":[{"embeddable":true,"href":"https:\/\/www.berlioz-anhb.com\/index.php\/wp-json\/wp\/v2\/pages\/14"}],"wp:featuredmedia":[{"embeddable":true,"href":"https:\/\/www.berlioz-anhb.com\/index.php\/wp-json\/wp\/v2\/media\/4280"}],"wp:attachment":[{"href":"https:\/\/www.berlioz-anhb.com\/index.php\/wp-json\/wp\/v2\/media?parent=96"}],"curies":[{"name":"wp","href":"https:\/\/api.w.org\/{rel}","templated":true}]}}