{"id":71,"date":"2024-06-01T12:25:52","date_gmt":"2024-06-01T10:25:52","guid":{"rendered":"http:\/\/obkgqww.cluster023.hosting.ovh.net\/?page_id=71"},"modified":"2025-10-06T21:16:25","modified_gmt":"2025-10-06T19:16:25","slug":"accueil","status":"publish","type":"page","link":"https:\/\/www.berlioz-anhb.com\/","title":{"rendered":"Accueil"},"content":{"rendered":"<div class=\"wpb-content-wrapper\"><p>[vc_row full_width=&#8221;stretch_row&#8221; full_height=&#8221;yes&#8221; content_placement=&#8221;top&#8221;][vc_column]\n\t\t\t<!-- START berliozanhbslider REVOLUTION SLIDER 6.7.0 --><p class=\"rs-p-wp-fix\"><\/p>\n\t\t\t<rs-module-wrap id=\"rev_slider_6_1_wrapper\" data-source=\"gallery\" style=\"visibility:hidden;background:transparent;padding:0;margin:0px auto;margin-top:0;margin-bottom:0;\">\n\t\t\t\t<rs-module id=\"rev_slider_6_1\" style=\"\" data-version=\"6.7.0\">\n\t\t\t\t\t<rs-slides style=\"overflow: hidden; position: absolute;\">\n\t\t\t\t\t\t<rs-slide style=\"position: absolute;\" data-key=\"rs-12\" data-title=\"Slide\" data-thumb=\"\/\/www.berlioz-anhb.com\/wp-content\/uploads\/2025\/09\/berlioz-anhb-slide01-accueil-100x50.jpg\" data-duration=\"9380\" data-in=\"o:1;\" data-out=\"y:100%;\" data-alttrans=\"parallaxtobottom\">\n\t\t\t\t\t\t\t<img decoding=\"async\" src=\"\/\/www.berlioz-anhb.com\/wp-content\/plugins\/revslider\/sr6\/assets\/assets\/dummy.png\" alt=\"berlioz-anhb-accueil\" title=\"berlioz-anhb-slide01-accueil\" width=\"1920\" height=\"980\" class=\"rev-slidebg tp-rs-img rs-lazyload\" data-lazyload=\"\/\/www.berlioz-anhb.com\/wp-content\/uploads\/2025\/09\/berlioz-anhb-slide01-accueil.jpg\" data-parallax=\"off\" data-panzoom=\"d:10000;ss:100;se:110;\" data-no-retina>\n<!--\n\t\t\t\t\t\t\t--><rs-layer\n\t\t\t\t\t\t\t\tid=\"slider-6-slide-12-layer-7\" \n\t\t\t\t\t\t\t\tclass=\"rs-selectable\"\n\t\t\t\t\t\t\t\tdata-type=\"text\"\n\t\t\t\t\t\t\t\tdata-color=\"#cf2e2e||#cf2e2e||#e3e3e3||#ffffff\"\n\t\t\t\t\t\t\t\tdata-rsp_ch=\"on\"\n\t\t\t\t\t\t\t\tdata-xy=\"xo:1100px,1100px,52px,56px;y:m,m,m,t;yo:95px,95px,17px,348px;\"\n\t\t\t\t\t\t\t\tdata-text=\"s:34,34,24,25;l:22;ls:0px,0px,0px,1px;fw:300,300,400,400;a:inherit;\"\n\t\t\t\t\t\t\t\tdata-dim=\"w:auto,auto,587px,414px;\"\n\t\t\t\t\t\t\t\tdata-vbility=\"t,t,t,f\"\n\t\t\t\t\t\t\t\tdata-frame_0=\"x:50px;\"\n\t\t\t\t\t\t\t\tdata-frame_1=\"e:power4.out;st:1470;sp:1300;sR:1470;\"\n\t\t\t\t\t\t\t\tdata-frame_999=\"o:0;e:power2.in;st:8700;sp:1000;sR:5930;\"\n\t\t\t\t\t\t\t\tstyle=\"z-index:5;font-family:'Hind';\"\n\t\t\t\t\t\t\t>Association nationale Hector Berlioz \n\t\t\t\t\t\t\t<\/rs-layer><!--\n\n\t\t\t\t\t\t\t--><rs-layer\n\t\t\t\t\t\t\t\tid=\"slider-6-slide-12-layer-9\" \n\t\t\t\t\t\t\t\tclass=\"rs-selectable\"\n\t\t\t\t\t\t\t\tdata-type=\"text\"\n\t\t\t\t\t\t\t\tdata-color=\"#cf2e2e||#cf2e2e||#ffffff||#ffffff\"\n\t\t\t\t\t\t\t\tdata-rsp_ch=\"on\"\n\t\t\t\t\t\t\t\tdata-xy=\"xo:1495px,1495px,52px,50px;y:m;yo:-60px,-60px,-48px,-52px;\"\n\t\t\t\t\t\t\t\tdata-text=\"s:76,76,40,45;l:78,78,50,55;ls:0px,0px,0,0;fw:700;a:inherit;\"\n\t\t\t\t\t\t\t\tdata-frame_0=\"x:50px;\"\n\t\t\t\t\t\t\t\tdata-frame_1=\"e:power4.out;st:810;sp:1300;sR:810;\"\n\t\t\t\t\t\t\t\tdata-frame_999=\"o:0;e:power2.in;st:8320;sp:1000;sR:6210;\"\n\t\t\t\t\t\t\t\tstyle=\"z-index:9;font-family:'PT Serif';\"\n\t\t\t\t\t\t\t>sur \n\t\t\t\t\t\t\t<\/rs-layer><!--\n\n\t\t\t\t\t\t\t--><rs-layer\n\t\t\t\t\t\t\t\tid=\"slider-6-slide-12-layer-10\" \n\t\t\t\t\t\t\t\tclass=\"rs-selectable\"\n\t\t\t\t\t\t\t\tdata-type=\"text\"\n\t\t\t\t\t\t\t\tdata-color=\"#cf2e2e||#cf2e2e||#ffffff||#ffffff\"\n\t\t\t\t\t\t\t\tdata-rsp_ch=\"on\"\n\t\t\t\t\t\t\t\tdata-xy=\"xo:1098px,1098px,212px,220px;y:m;yo:18px,18px,-98px,-112px;\"\n\t\t\t\t\t\t\t\tdata-text=\"s:76,76,40,45;l:78,78,50,55;ls:0px,0px,0,0;fw:700;a:inherit;\"\n\t\t\t\t\t\t\t\tdata-frame_0=\"x:-50px;\"\n\t\t\t\t\t\t\t\tdata-frame_1=\"e:power4.out;st:1150;sp:1300;sR:1150;\"\n\t\t\t\t\t\t\t\tdata-frame_999=\"o:0;e:power2.in;st:8320;sp:1000;sR:5870;\"\n\t\t\t\t\t\t\t\tstyle=\"z-index:8;font-family:'PT Serif';\"\n\t\t\t\t\t\t\t>le site \n\t\t\t\t\t\t\t<\/rs-layer><!--\n\n\t\t\t\t\t\t\t--><rs-layer\n\t\t\t\t\t\t\t\tid=\"slider-6-slide-12-layer-11\" \n\t\t\t\t\t\t\t\tclass=\"rs-selectable\"\n\t\t\t\t\t\t\t\tdata-type=\"text\"\n\t\t\t\t\t\t\t\tdata-color=\"#cf2e2e||#cf2e2e||#ffffff||#ffffff\"\n\t\t\t\t\t\t\t\tdata-rsp_ch=\"on\"\n\t\t\t\t\t\t\t\tdata-xy=\"xo:1336px,1336px,152px,160px;y:m;yo:18px,18px,-48px,-52px;\"\n\t\t\t\t\t\t\t\tdata-text=\"s:76,76,40,45;l:78,78,50,55;ls:0px,0px,0,0;fw:700;a:inherit;\"\n\t\t\t\t\t\t\t\tdata-frame_0=\"y:50px;\"\n\t\t\t\t\t\t\t\tdata-frame_1=\"e:power4.out;st:1510;sp:1300;sR:1510;\"\n\t\t\t\t\t\t\t\tdata-frame_999=\"o:0;e:power2.in;st:8320;sp:1000;sR:5510;\"\n\t\t\t\t\t\t\t\tstyle=\"z-index:7;font-family:'PT Serif';\"\n\t\t\t\t\t\t\t>de l'AnHB \n\t\t\t\t\t\t\t<\/rs-layer><!--\n\n\t\t\t\t\t\t\t--><rs-layer\n\t\t\t\t\t\t\t\tid=\"slider-6-slide-12-layer-12\" \n\t\t\t\t\t\t\t\tclass=\"rs-selectable\"\n\t\t\t\t\t\t\t\tdata-type=\"text\"\n\t\t\t\t\t\t\t\tdata-color=\"#cf2e2e||#cf2e2e||#ffffff||#ffffff\"\n\t\t\t\t\t\t\t\tdata-rsp_ch=\"on\"\n\t\t\t\t\t\t\t\tdata-xy=\"xo:1098px,1098px,52px,50px;y:m;yo:-60px,-60px,-98px,-112px;\"\n\t\t\t\t\t\t\t\tdata-text=\"s:76,76,40,45;l:78,78,50,55;ls:0px,0px,0,0;fw:700;a:inherit;\"\n\t\t\t\t\t\t\t\tdata-frame_0=\"y:-50px;\"\n\t\t\t\t\t\t\t\tdata-frame_1=\"e:power4.out;st:490;sp:1300;sR:490;\"\n\t\t\t\t\t\t\t\tdata-frame_999=\"o:0;e:power2.in;st:8320;sp:1000;sR:6530;\"\n\t\t\t\t\t\t\t\tstyle=\"z-index:10;font-family:'PT Serif';\"\n\t\t\t\t\t\t\t>Bienvenue \n\t\t\t\t\t\t\t<\/rs-layer><!--\n-->\t\t\t\t\t<\/rs-slide>\n\t\t\t\t\t\t<rs-slide style=\"position: absolute;\" data-key=\"rs-20\" data-title=\"Slide\" data-thumb=\"\/\/www.berlioz-anhb.com\/wp-content\/uploads\/2025\/09\/berlioz-anhb-slide02-association-scaled-100x50.jpg\" data-duration=\"9950\" data-anim=\"ms:960;\" data-in=\"y:100%;\" data-out=\"a:false;\">\n\t\t\t\t\t\t\t<img decoding=\"async\" src=\"\/\/www.berlioz-anhb.com\/wp-content\/plugins\/revslider\/sr6\/assets\/assets\/dummy.png\" alt=\"berlioz-anhb-association\" title=\"berlioz-anhb-slide02-association\" width=\"2560\" height=\"1198\" class=\"rev-slidebg tp-rs-img rs-lazyload\" data-lazyload=\"\/\/www.berlioz-anhb.com\/wp-content\/uploads\/2025\/09\/berlioz-anhb-slide02-association-scaled.jpg\" data-parallax=\"off\" data-panzoom=\"d:10000;ss:100;se:120;\" data-no-retina>\n<!--\n\t\t\t\t\t\t\t--><rs-layer\n\t\t\t\t\t\t\t\tid=\"slider-6-slide-20-layer-2\" \n\t\t\t\t\t\t\t\tclass=\"rs-selectable\"\n\t\t\t\t\t\t\t\tdata-type=\"text\"\n\t\t\t\t\t\t\t\tdata-color=\"#ffffff||#ffffff||#e3e3e3||#ffffff\"\n\t\t\t\t\t\t\t\tdata-rsp_ch=\"on\"\n\t\t\t\t\t\t\t\tdata-xy=\"x:c;xo:-4px,-4px,0,0;y:m;yo:2px,2px,-8px,0;\"\n\t\t\t\t\t\t\t\tdata-text=\"s:34,34,18,16;l:22,22,22,22;ls:0px,0px,0px,0;a:inherit;\"\n\t\t\t\t\t\t\t\tdata-vbility=\"t,t,t,f\"\n\t\t\t\t\t\t\t\tdata-frame_0=\"y:50px;\"\n\t\t\t\t\t\t\t\tdata-frame_1=\"e:power4.out;st:1550;sp:1300;sR:1550;\"\n\t\t\t\t\t\t\t\tdata-frame_999=\"o:0;e:power2.in;st:8390;sp:1000;sR:5540;\"\n\t\t\t\t\t\t\t\tstyle=\"z-index:5;font-family:'Hind';\"\n\t\t\t\t\t\t\t>Le  Mot du Pr\u00e9sident, Historique, Organigramme, Objectifs, Activit\u00e9s, Adh\u00e9rer \n\t\t\t\t\t\t\t<\/rs-layer><!--\n\n\t\t\t\t\t\t\t--><rs-layer\n\t\t\t\t\t\t\t\tid=\"slider-6-slide-20-layer-6\" \n\t\t\t\t\t\t\t\tclass=\"rs-selectable\"\n\t\t\t\t\t\t\t\tdata-type=\"text\"\n\t\t\t\t\t\t\t\tdata-rsp_ch=\"on\"\n\t\t\t\t\t\t\t\tdata-xy=\"x:c;xo:-4px,-4px,-140px,-123px;y:m;yo:-85px,-85px,-54px,-60px;\"\n\t\t\t\t\t\t\t\tdata-text=\"s:76,76,45,40;l:22;ls:0px,0px,0,0;fw:700;a:inherit;\"\n\t\t\t\t\t\t\t\tdata-frame_0=\"x:-50px;\"\n\t\t\t\t\t\t\t\tdata-frame_1=\"e:power4.out;st:610;sp:1300;sR:610;\"\n\t\t\t\t\t\t\t\tdata-frame_999=\"o:0;e:power2.in;st:8070;sp:1000;sR:6160;\"\n\t\t\t\t\t\t\t\tstyle=\"z-index:7;font-family:'PT Serif';\"\n\t\t\t\t\t\t\t>L\u2019Association \n\t\t\t\t\t\t\t<\/rs-layer><!--\n\n\t\t\t\t\t\t\t--><rs-layer\n\t\t\t\t\t\t\t\tid=\"slider-6-slide-20-layer-7\" \n\t\t\t\t\t\t\t\tclass=\"rs-selectable\"\n\t\t\t\t\t\t\t\tdata-type=\"text\"\n\t\t\t\t\t\t\t\tdata-rsp_ch=\"on\"\n\t\t\t\t\t\t\t\tdata-xy=\"x:c;xo:35px,35px,-27px,-24px;y:m;yo:-85px,-85px,-54px,-62px;\"\n\t\t\t\t\t\t\t\tdata-text=\"s:76,76,45,40;l:22;ls:0px,0px,0,0;fw:700;a:inherit;\"\n\t\t\t\t\t\t\t\tdata-frame_0=\"y:-50px;\"\n\t\t\t\t\t\t\t\tdata-frame_1=\"e:power4.out;st:970;sp:1300;sR:970;\"\n\t\t\t\t\t\t\t\tdata-frame_999=\"o:0;e:power2.in;st:8070;sp:1000;sR:5800;\"\n\t\t\t\t\t\t\t\tstyle=\"z-index:8;font-family:'PT Serif';\"\n\t\t\t\t\t\t\t> \n\t\t\t\t\t\t\t<\/rs-layer><!--\n\n\t\t\t\t\t\t\t--><rs-layer\n\t\t\t\t\t\t\t\tid=\"slider-6-slide-20-layer-8\" \n\t\t\t\t\t\t\t\tclass=\"rs-selectable\"\n\t\t\t\t\t\t\t\tdata-type=\"text\"\n\t\t\t\t\t\t\t\tdata-color=\"#cf2e2e||#cf2e2e||#ffffff||#ffffff\"\n\t\t\t\t\t\t\t\tdata-rsp_ch=\"on\"\n\t\t\t\t\t\t\t\tdata-xy=\"x:c;xo:454px,454px,115px,100px;y:m;yo:-85px,-85px,-54px,-60px;\"\n\t\t\t\t\t\t\t\tdata-text=\"s:76,76,45,40;l:22;ls:0px,0px,0,0;fw:700;a:inherit;\"\n\t\t\t\t\t\t\t\tdata-frame_0=\"x:50px;\"\n\t\t\t\t\t\t\t\tdata-frame_1=\"e:power4.out;st:1450;sp:1300;sR:1450;\"\n\t\t\t\t\t\t\t\tdata-frame_999=\"o:0;e:power2.in;st:8070;sp:1000;sR:5320;\"\n\t\t\t\t\t\t\t\tstyle=\"z-index:9;font-family:'PT Serif';\"\n\t\t\t\t\t\t\t> \n\t\t\t\t\t\t\t<\/rs-layer><!--\n-->\t\t\t\t\t<\/rs-slide>\n\t\t\t\t\t\t<rs-slide style=\"position: absolute;\" data-key=\"rs-14\" data-title=\"Slide\" data-thumb=\"\/\/www.berlioz-anhb.com\/wp-content\/uploads\/2025\/09\/berlioz-anhb-slide03-actualites-100x50.jpg\" data-duration=\"10000\" data-anim=\"ms:880;\" data-in=\"y:100%;\" data-out=\"a:false;\">\n\t\t\t\t\t\t\t<img decoding=\"async\" src=\"\/\/www.berlioz-anhb.com\/wp-content\/plugins\/revslider\/sr6\/assets\/assets\/dummy.png\" alt=\"\" title=\"berlioz-anhb-slide03-actualit\u00e9s\" width=\"1920\" height=\"980\" class=\"rev-slidebg tp-rs-img rs-lazyload\" data-lazyload=\"\/\/www.berlioz-anhb.com\/wp-content\/uploads\/2025\/09\/berlioz-anhb-slide03-actualites.jpg\" data-parallax=\"off\" data-panzoom=\"d:10000;ss:100;se:120;\" data-no-retina>\n<!--\n\t\t\t\t\t\t\t--><rs-layer\n\t\t\t\t\t\t\t\tid=\"slider-6-slide-14-layer-2\" \n\t\t\t\t\t\t\t\tclass=\"rs-selectable\"\n\t\t\t\t\t\t\t\tdata-type=\"text\"\n\t\t\t\t\t\t\t\tdata-color=\"#ffffff||#ffffff||#e3e3e3||#ffffff\"\n\t\t\t\t\t\t\t\tdata-rsp_ch=\"on\"\n\t\t\t\t\t\t\t\tdata-xy=\"x:c;y:m;yo:21px,21px,-6px,8px;\"\n\t\t\t\t\t\t\t\tdata-text=\"s:34,34,20,15;l:22;ls:0px,0px,0px,0;a:inherit;\"\n\t\t\t\t\t\t\t\tdata-vbility=\"t,t,t,f\"\n\t\t\t\t\t\t\t\tdata-frame_0=\"y:50px;\"\n\t\t\t\t\t\t\t\tdata-frame_1=\"e:power4.out;st:1450;sp:2000;sR:1450;\"\n\t\t\t\t\t\t\t\tdata-frame_999=\"o:0;e:power2.in;st:8710;sp:1100;sR:5260;\"\n\t\t\t\t\t\t\t\tstyle=\"z-index:5;font-family:'Hind';\"\n\t\t\t\t\t\t\t>Concerts et spectacles, disques, livres et autres \u00e9v\u00e9nements \u00e0 venir \n\t\t\t\t\t\t\t<\/rs-layer><!--\n\n\t\t\t\t\t\t\t--><rs-layer\n\t\t\t\t\t\t\t\tid=\"slider-6-slide-14-layer-6\" \n\t\t\t\t\t\t\t\tclass=\"rs-selectable\"\n\t\t\t\t\t\t\t\tdata-type=\"text\"\n\t\t\t\t\t\t\t\tdata-rsp_ch=\"on\"\n\t\t\t\t\t\t\t\tdata-xy=\"x:c;xo:-1px,-1px,-218px,-160px;y:m;yo:-68px,-68px,-54px,-40px;\"\n\t\t\t\t\t\t\t\tdata-text=\"s:76,76,45,35;l:22;ls:0px,0px,0,0;fw:700;a:inherit;\"\n\t\t\t\t\t\t\t\tdata-frame_0=\"x:-50px;\"\n\t\t\t\t\t\t\t\tdata-frame_1=\"e:power4.out;st:490;sp:1300;sR:490;\"\n\t\t\t\t\t\t\t\tdata-frame_999=\"o:0;e:power2.in;st:8390;sp:1000;sR:6600;\"\n\t\t\t\t\t\t\t\tstyle=\"z-index:7;font-family:'PT Serif';\"\n\t\t\t\t\t\t\t>Actualit\u00e9s \n\t\t\t\t\t\t\t<\/rs-layer><!--\n\n\t\t\t\t\t\t\t--><rs-layer\n\t\t\t\t\t\t\t\tid=\"slider-6-slide-14-layer-7\" \n\t\t\t\t\t\t\t\tclass=\"rs-selectable\"\n\t\t\t\t\t\t\t\tdata-type=\"text\"\n\t\t\t\t\t\t\t\tdata-rsp_ch=\"on\"\n\t\t\t\t\t\t\t\tdata-xy=\"x:c;xo:-173px,-173px,-111px,-84px;y:m;yo:-68px,-68px,-54px,-40px;\"\n\t\t\t\t\t\t\t\tdata-text=\"s:76,76,45,35;l:22;ls:0px,0px,0,0;fw:700;a:inherit;\"\n\t\t\t\t\t\t\t\tdata-frame_0=\"y:50px;\"\n\t\t\t\t\t\t\t\tdata-frame_1=\"e:power4.out;st:790;sp:1300;sR:790;\"\n\t\t\t\t\t\t\t\tdata-frame_999=\"o:0;e:power2.in;st:8390;sp:1000;sR:6300;\"\n\t\t\t\t\t\t\t\tstyle=\"z-index:8;font-family:'PT Serif';\"\n\t\t\t\t\t\t\t> \n\t\t\t\t\t\t\t<\/rs-layer><!--\n\n\t\t\t\t\t\t\t--><rs-layer\n\t\t\t\t\t\t\t\tid=\"slider-6-slide-14-layer-8\" \n\t\t\t\t\t\t\t\tclass=\"rs-selectable\"\n\t\t\t\t\t\t\t\tdata-type=\"text\"\n\t\t\t\t\t\t\t\tdata-rsp_ch=\"on\"\n\t\t\t\t\t\t\t\tdata-xy=\"x:c;xo:5px,5px,-4px,-1px;y:m;yo:-68px,-68px,-54px,-40px;\"\n\t\t\t\t\t\t\t\tdata-text=\"s:76,76,45,35;l:22;ls:0px,0px,0,0;fw:700;a:inherit;\"\n\t\t\t\t\t\t\t\tdata-frame_0=\"y:-50px;\"\n\t\t\t\t\t\t\t\tdata-frame_1=\"e:power4.out;st:1110;sp:1300;sR:1110;\"\n\t\t\t\t\t\t\t\tdata-frame_999=\"o:0;e:power2.in;st:8390;sp:1000;sR:5980;\"\n\t\t\t\t\t\t\t\tstyle=\"z-index:9;font-family:'PT Serif';\"\n\t\t\t\t\t\t\t> \n\t\t\t\t\t\t\t<\/rs-layer><!--\n-->\t\t\t\t\t<\/rs-slide>\n\t\t\t\t\t\t<rs-slide style=\"position: absolute;\" data-key=\"rs-19\" data-title=\"Slide\" data-thumb=\"\/\/www.berlioz-anhb.com\/wp-content\/uploads\/2025\/09\/berlioz-anhb-slide04-connaitre-100x50.jpg\" data-duration=\"9950\" data-anim=\"ms:960;\" data-in=\"y:100%;\" data-out=\"a:false;\">\n\t\t\t\t\t\t\t<img decoding=\"async\" src=\"\/\/www.berlioz-anhb.com\/wp-content\/plugins\/revslider\/sr6\/assets\/assets\/dummy.png\" alt=\"berlioz-anhb-slide04-connaitre\" title=\"berlioz-anhb-slide04-connaitre\" width=\"804\" height=\"269\" class=\"rev-slidebg tp-rs-img rs-lazyload\" data-lazyload=\"\/\/www.berlioz-anhb.com\/wp-content\/uploads\/2025\/09\/berlioz-anhb-slide04-connaitre.jpg\" data-parallax=\"off\" data-panzoom=\"d:10000;ss:100;se:120;\" data-no-retina>\n<!--\n\t\t\t\t\t\t\t--><rs-layer\n\t\t\t\t\t\t\t\tid=\"slider-6-slide-19-layer-2\" \n\t\t\t\t\t\t\t\tclass=\"rs-selectable\"\n\t\t\t\t\t\t\t\tdata-type=\"text\"\n\t\t\t\t\t\t\t\tdata-color=\"#ffffff||#ffffff||#e3e3e3||#ffffff\"\n\t\t\t\t\t\t\t\tdata-rsp_ch=\"on\"\n\t\t\t\t\t\t\t\tdata-xy=\"x:c;xo:-4px,-4px,0,0;y:m;yo:2px,2px,-8px,0;\"\n\t\t\t\t\t\t\t\tdata-text=\"s:34,34,18,16;l:22,22,22,22;ls:0px,0px,0px,0;a:inherit;\"\n\t\t\t\t\t\t\t\tdata-vbility=\"t,t,t,f\"\n\t\t\t\t\t\t\t\tdata-frame_0=\"y:50px;\"\n\t\t\t\t\t\t\t\tdata-frame_1=\"e:power4.out;st:1550;sp:1300;sR:1550;\"\n\t\t\t\t\t\t\t\tdata-frame_999=\"o:0;e:power2.in;st:8390;sp:1000;sR:5540;\"\n\t\t\t\t\t\t\t\tstyle=\"z-index:5;font-family:'Hind';\"\n\t\t\t\t\t\t\t>Berlioz en bref, Berlioz et son temps, Berlioz vu par\u2026, Lire, Ecouter, Voir \n\t\t\t\t\t\t\t<\/rs-layer><!--\n\n\t\t\t\t\t\t\t--><rs-layer\n\t\t\t\t\t\t\t\tid=\"slider-6-slide-19-layer-6\" \n\t\t\t\t\t\t\t\tclass=\"rs-selectable\"\n\t\t\t\t\t\t\t\tdata-type=\"text\"\n\t\t\t\t\t\t\t\tdata-rsp_ch=\"on\"\n\t\t\t\t\t\t\t\tdata-xy=\"x:c;xo:-144px,-144px,-140px,-123px;y:m;yo:-85px,-85px,-54px,-60px;\"\n\t\t\t\t\t\t\t\tdata-text=\"s:76,76,45,40;l:22;ls:0px,0px,0,0;fw:700;a:inherit;\"\n\t\t\t\t\t\t\t\tdata-frame_0=\"x:-50px;\"\n\t\t\t\t\t\t\t\tdata-frame_1=\"e:power4.out;st:610;sp:1300;sR:610;\"\n\t\t\t\t\t\t\t\tdata-frame_999=\"o:0;e:power2.in;st:8070;sp:1000;sR:6160;\"\n\t\t\t\t\t\t\t\tstyle=\"z-index:7;font-family:'PT Serif';\"\n\t\t\t\t\t\t\t>Mieux conna\u00eetre \n\t\t\t\t\t\t\t<\/rs-layer><!--\n\n\t\t\t\t\t\t\t--><rs-layer\n\t\t\t\t\t\t\t\tid=\"slider-6-slide-19-layer-7\" \n\t\t\t\t\t\t\t\tclass=\"rs-selectable\"\n\t\t\t\t\t\t\t\tdata-type=\"text\"\n\t\t\t\t\t\t\t\tdata-rsp_ch=\"on\"\n\t\t\t\t\t\t\t\tdata-xy=\"x:c;xo:35px,35px,-27px,-24px;y:m;yo:-85px,-85px,-54px,-62px;\"\n\t\t\t\t\t\t\t\tdata-text=\"s:76,76,45,40;l:22;ls:0px,0px,0,0;fw:700;a:inherit;\"\n\t\t\t\t\t\t\t\tdata-frame_0=\"y:-50px;\"\n\t\t\t\t\t\t\t\tdata-frame_1=\"e:power4.out;st:970;sp:1300;sR:970;\"\n\t\t\t\t\t\t\t\tdata-frame_999=\"o:0;e:power2.in;st:8070;sp:1000;sR:5800;\"\n\t\t\t\t\t\t\t\tstyle=\"z-index:8;font-family:'PT Serif';\"\n\t\t\t\t\t\t\t> \n\t\t\t\t\t\t\t<\/rs-layer><!--\n\n\t\t\t\t\t\t\t--><rs-layer\n\t\t\t\t\t\t\t\tid=\"slider-6-slide-19-layer-8\" \n\t\t\t\t\t\t\t\tclass=\"rs-selectable\"\n\t\t\t\t\t\t\t\tdata-type=\"text\"\n\t\t\t\t\t\t\t\tdata-rsp_ch=\"on\"\n\t\t\t\t\t\t\t\tdata-xy=\"x:c;xo:311px,311px,115px,100px;y:m;yo:-85px,-85px,-54px,-60px;\"\n\t\t\t\t\t\t\t\tdata-text=\"s:76,76,45,40;l:22;ls:0px,0px,0,0;fw:700;a:inherit;\"\n\t\t\t\t\t\t\t\tdata-frame_0=\"x:50px;\"\n\t\t\t\t\t\t\t\tdata-frame_1=\"e:power4.out;st:1450;sp:1300;sR:1450;\"\n\t\t\t\t\t\t\t\tdata-frame_999=\"o:0;e:power2.in;st:8070;sp:1000;sR:5320;\"\n\t\t\t\t\t\t\t\tstyle=\"z-index:9;font-family:'PT Serif';\"\n\t\t\t\t\t\t\t>Berlioz \n\t\t\t\t\t\t\t<\/rs-layer><!--\n-->\t\t\t\t\t<\/rs-slide>\n\t\t\t\t\t\t<rs-slide style=\"position: absolute;\" data-key=\"rs-13\" data-title=\"Slide\" data-thumb=\"\/\/www.berlioz-anhb.com\/wp-content\/uploads\/2025\/09\/berlioz-anhb-slide05-publications-100x50.jpg\" data-duration=\"9950\" data-anim=\"ms:960;\" data-in=\"y:100%;\" data-out=\"a:false;\">\n\t\t\t\t\t\t\t<img decoding=\"async\" src=\"\/\/www.berlioz-anhb.com\/wp-content\/plugins\/revslider\/sr6\/assets\/assets\/dummy.png\" alt=\"berlioz-anhb-slide05-publications\" title=\"berlioz-anhb-slide05-publications\" width=\"2560\" height=\"854\" class=\"rev-slidebg tp-rs-img rs-lazyload\" data-lazyload=\"\/\/www.berlioz-anhb.com\/wp-content\/uploads\/2025\/09\/berlioz-anhb-slide05-publications.jpg\" data-parallax=\"off\" data-panzoom=\"d:10000;ss:100;se:120;\" data-no-retina>\n<!--\n\t\t\t\t\t\t\t--><rs-layer\n\t\t\t\t\t\t\t\tid=\"slider-6-slide-13-layer-2\" \n\t\t\t\t\t\t\t\tclass=\"rs-selectable\"\n\t\t\t\t\t\t\t\tdata-type=\"text\"\n\t\t\t\t\t\t\t\tdata-color=\"#ffffff||#ffffff||#e3e3e3||#ffffff\"\n\t\t\t\t\t\t\t\tdata-rsp_ch=\"on\"\n\t\t\t\t\t\t\t\tdata-xy=\"x:c;xo:-4px,-4px,0,0;y:m;yo:2px,2px,-8px,0;\"\n\t\t\t\t\t\t\t\tdata-text=\"s:34,34,18,16;l:22,22,22,22;ls:0px,0px,0px,0;a:inherit;\"\n\t\t\t\t\t\t\t\tdata-vbility=\"t,t,t,f\"\n\t\t\t\t\t\t\t\tdata-frame_0=\"y:50px;\"\n\t\t\t\t\t\t\t\tdata-frame_1=\"e:power4.out;st:1550;sp:1300;sR:1550;\"\n\t\t\t\t\t\t\t\tdata-frame_999=\"o:0;e:power2.in;st:8390;sp:1000;sR:5540;\"\n\t\t\t\t\t\t\t\tstyle=\"z-index:5;font-family:'Hind';\"\n\t\t\t\t\t\t\t>Bulletins de liaison, Leilo, Bonnes feuilles, Billets Berlioz, Cahiers Berlioz \n\t\t\t\t\t\t\t<\/rs-layer><!--\n\n\t\t\t\t\t\t\t--><rs-layer\n\t\t\t\t\t\t\t\tid=\"slider-6-slide-13-layer-6\" \n\t\t\t\t\t\t\t\tclass=\"rs-selectable\"\n\t\t\t\t\t\t\t\tdata-type=\"text\"\n\t\t\t\t\t\t\t\tdata-rsp_ch=\"on\"\n\t\t\t\t\t\t\t\tdata-xy=\"x:c;xo:-186px,-186px,-140px,-123px;y:m;yo:-85px,-85px,-54px,-60px;\"\n\t\t\t\t\t\t\t\tdata-text=\"s:76,76,45,40;l:22;ls:0px,0px,0,0;fw:700;a:inherit;\"\n\t\t\t\t\t\t\t\tdata-frame_0=\"x:-50px;\"\n\t\t\t\t\t\t\t\tdata-frame_1=\"e:power4.out;st:610;sp:1300;sR:610;\"\n\t\t\t\t\t\t\t\tdata-frame_999=\"o:0;e:power2.in;st:8070;sp:1000;sR:6160;\"\n\t\t\t\t\t\t\t\tstyle=\"z-index:7;font-family:'PT Serif';\"\n\t\t\t\t\t\t\t>Publications \n\t\t\t\t\t\t\t<\/rs-layer><!--\n\n\t\t\t\t\t\t\t--><rs-layer\n\t\t\t\t\t\t\t\tid=\"slider-6-slide-13-layer-7\" \n\t\t\t\t\t\t\t\tclass=\"rs-selectable\"\n\t\t\t\t\t\t\t\tdata-type=\"text\"\n\t\t\t\t\t\t\t\tdata-rsp_ch=\"on\"\n\t\t\t\t\t\t\t\tdata-xy=\"x:c;xo:8px,8px,-27px,-24px;y:m;yo:-85px,-85px,-54px,-62px;\"\n\t\t\t\t\t\t\t\tdata-text=\"s:76,76,45,40;l:22;ls:0px,0px,0,0;fw:700;a:inherit;\"\n\t\t\t\t\t\t\t\tdata-frame_0=\"y:-50px;\"\n\t\t\t\t\t\t\t\tdata-frame_1=\"e:power4.out;st:970;sp:1300;sR:970;\"\n\t\t\t\t\t\t\t\tdata-frame_999=\"o:0;e:power2.in;st:8070;sp:1000;sR:5800;\"\n\t\t\t\t\t\t\t\tstyle=\"z-index:8;font-family:'PT Serif';\"\n\t\t\t\t\t\t\t> \n\t\t\t\t\t\t\t<\/rs-layer><!--\n\n\t\t\t\t\t\t\t--><rs-layer\n\t\t\t\t\t\t\t\tid=\"slider-6-slide-13-layer-8\" \n\t\t\t\t\t\t\t\tclass=\"rs-selectable\"\n\t\t\t\t\t\t\t\tdata-type=\"text\"\n\t\t\t\t\t\t\t\tdata-rsp_ch=\"on\"\n\t\t\t\t\t\t\t\tdata-xy=\"x:c;xo:236px,236px,115px,100px;y:m;yo:-85px,-85px,-54px,-60px;\"\n\t\t\t\t\t\t\t\tdata-text=\"s:76,76,45,40;l:22;ls:0px,0px,0,0;fw:700;a:inherit;\"\n\t\t\t\t\t\t\t\tdata-frame_0=\"x:50px;\"\n\t\t\t\t\t\t\t\tdata-frame_1=\"e:power4.out;st:1450;sp:1300;sR:1450;\"\n\t\t\t\t\t\t\t\tdata-frame_999=\"o:0;e:power2.in;st:8070;sp:1000;sR:5320;\"\n\t\t\t\t\t\t\t\tstyle=\"z-index:9;font-family:'PT Serif';\"\n\t\t\t\t\t\t\t>de l'AnHB \n\t\t\t\t\t\t\t<\/rs-layer><!--\n-->\t\t\t\t\t<\/rs-slide>\n\t\t\t\t\t\t<rs-slide style=\"position: absolute;\" data-key=\"rs-18\" data-title=\"Slide\" data-thumb=\"\/\/www.berlioz-anhb.com\/wp-content\/uploads\/2025\/09\/berlioz-anhb-slide06-contact-100x50.jpg\" data-duration=\"9950\" data-anim=\"ms:960;\" data-in=\"y:100%;\" data-out=\"a:false;\">\n\t\t\t\t\t\t\t<img decoding=\"async\" src=\"\/\/www.berlioz-anhb.com\/wp-content\/plugins\/revslider\/sr6\/assets\/assets\/dummy.png\" alt=\"berlioz-anhb-slide06-contact\" title=\"berlioz-anhb-slide06-contact\" width=\"1298\" height=\"532\" class=\"rev-slidebg tp-rs-img rs-lazyload\" data-lazyload=\"\/\/www.berlioz-anhb.com\/wp-content\/uploads\/2025\/09\/berlioz-anhb-slide06-contact.jpg\" data-parallax=\"off\" data-panzoom=\"d:10000;ss:100;se:120;\" data-no-retina>\n<!--\n\t\t\t\t\t\t\t--><rs-layer\n\t\t\t\t\t\t\t\tid=\"slider-6-slide-18-layer-2\" \n\t\t\t\t\t\t\t\tclass=\"rs-selectable\"\n\t\t\t\t\t\t\t\tdata-type=\"text\"\n\t\t\t\t\t\t\t\tdata-color=\"#ffffff||#ffffff||#e3e3e3||#ffffff\"\n\t\t\t\t\t\t\t\tdata-rsp_ch=\"on\"\n\t\t\t\t\t\t\t\tdata-xy=\"x:c;xo:-4px,-4px,0,0;y:m;yo:2px,2px,-8px,0;\"\n\t\t\t\t\t\t\t\tdata-text=\"s:34,34,18,16;l:22,22,22,22;ls:0px,0px,0px,0;a:inherit;\"\n\t\t\t\t\t\t\t\tdata-vbility=\"t,t,t,f\"\n\t\t\t\t\t\t\t\tdata-frame_0=\"y:50px;\"\n\t\t\t\t\t\t\t\tdata-frame_1=\"e:power4.out;st:1550;sp:1300;sR:1550;\"\n\t\t\t\t\t\t\t\tdata-frame_999=\"o:0;e:power2.in;st:8390;sp:1000;sR:5540;\"\n\t\t\t\t\t\t\t\tstyle=\"z-index:5;font-family:'Hind';\"\n\t\t\t\t\t\t\t>Contactez l'AnHB \n\t\t\t\t\t\t\t<\/rs-layer><!--\n\n\t\t\t\t\t\t\t--><rs-layer\n\t\t\t\t\t\t\t\tid=\"slider-6-slide-18-layer-6\" \n\t\t\t\t\t\t\t\tclass=\"rs-selectable\"\n\t\t\t\t\t\t\t\tdata-type=\"text\"\n\t\t\t\t\t\t\t\tdata-rsp_ch=\"on\"\n\t\t\t\t\t\t\t\tdata-xy=\"x:c;xo:-3px,-3px,-140px,-123px;y:m;yo:-85px,-85px,-54px,-60px;\"\n\t\t\t\t\t\t\t\tdata-text=\"s:76,76,45,40;l:22;ls:0px,0px,0,0;fw:700;a:inherit;\"\n\t\t\t\t\t\t\t\tdata-frame_0=\"x:-50px;\"\n\t\t\t\t\t\t\t\tdata-frame_1=\"e:power4.out;st:610;sp:1300;sR:610;\"\n\t\t\t\t\t\t\t\tdata-frame_999=\"o:0;e:power2.in;st:8070;sp:1000;sR:6160;\"\n\t\t\t\t\t\t\t\tstyle=\"z-index:7;font-family:'PT Serif';\"\n\t\t\t\t\t\t\t>Contact \n\t\t\t\t\t\t\t<\/rs-layer><!--\n\n\t\t\t\t\t\t\t--><rs-layer\n\t\t\t\t\t\t\t\tid=\"slider-6-slide-18-layer-7\" \n\t\t\t\t\t\t\t\tclass=\"rs-selectable\"\n\t\t\t\t\t\t\t\tdata-type=\"text\"\n\t\t\t\t\t\t\t\tdata-rsp_ch=\"on\"\n\t\t\t\t\t\t\t\tdata-xy=\"x:c;xo:-53px,-53px,-27px,-24px;y:m;yo:-85px,-85px,-54px,-62px;\"\n\t\t\t\t\t\t\t\tdata-text=\"s:76,76,45,40;l:22;ls:0px,0px,0,0;fw:700;a:inherit;\"\n\t\t\t\t\t\t\t\tdata-frame_0=\"y:-50px;\"\n\t\t\t\t\t\t\t\tdata-frame_1=\"e:power4.out;st:970;sp:1300;sR:970;\"\n\t\t\t\t\t\t\t\tdata-frame_999=\"o:0;e:power2.in;st:8070;sp:1000;sR:5800;\"\n\t\t\t\t\t\t\t\tstyle=\"z-index:8;font-family:'PT Serif';\"\n\t\t\t\t\t\t\t> \n\t\t\t\t\t\t\t<\/rs-layer><!--\n-->\t\t\t\t\t<\/rs-slide>\n\t\t\t\t\t<\/rs-slides>\n\t\t\t\t<\/rs-module>\n\t\t\t\t<script>\n\t\t\t\t\tsetREVStartSize({c: 'rev_slider_6_1',rl:[1240,1240,778,480],el:[811,811,960,720],gw:[1920,1920,778,480],gh:[811,811,960,720],type:'standard',justify:'',layout:'fullwidth',mh:\"0\"});if (window.RS_MODULES!==undefined && window.RS_MODULES.modules!==undefined && window.RS_MODULES.modules[\"revslider61\"]!==undefined) {window.RS_MODULES.modules[\"revslider61\"].once = false;window.revapi6 = undefined;if (window.RS_MODULES.checkMinimal!==undefined) window.RS_MODULES.checkMinimal()}\n\t\t\t\t<\/script>\n\t\t\t<\/rs-module-wrap>\n\t\t\t<!-- END REVOLUTION SLIDER -->\n[vc_mad_blockquotes style=&#8221;style-2&#8243;]<strong><em>Laquelle des deux puissances peut \u00e9lever l\u2019homme aux plus sublimes hauteurs, l\u2019amour ou la musique ? [\u2026] L\u2019amour ne peut pas donner une id\u00e9e de la musique, la musique peut en donner une de l\u2019amour\u2026 Pourquoi s\u00e9parer l\u2019un de l\u2019autre ? Ce sont les deux ailes de l\u2019\u00e2me.<\/em><\/strong>[\/vc_mad_blockquotes][vc_column_text css=&#8221;&#8221;]<\/p>\n<p style=\"text-align: right;\"><strong>Hector Berlioz, <em>M\u00e9moires<\/em><\/strong><\/p>\n<p>&nbsp;<\/p>\n<p><strong>L\u2019Association nationale Hector Berlioz<\/strong>\u00a0a pour vocation de faire conna\u00eetre la vie, les \u0153uvres musicales et litt\u00e9raires du compositeur, et de contribuer \u00e0 leur diffusion.<\/p>\n<p>Elle s\u2019adresse aux amateurs et aux sp\u00e9cialistes, organise des \u00e9v\u00e9nements et produit chaque ann\u00e9e quatre publications destin\u00e9es \u00e0 faire conna\u00eetre les derni\u00e8res actualit\u00e9s berlioziennes et \u00e0 \u00e9clairer certains aspects\u00a0<strong>de la vie et de l\u2019\u0153uvre de Berlioz.<\/strong>[\/vc_column_text][\/vc_column][\/vc_row]<\/p>\n<\/div>","protected":false},"excerpt":{"rendered":"<p>[vc_row full_width=&#8221;stretch_row&#8221; full_height=&#8221;yes&#8221; content_placement=&#8221;top&#8221;][vc_column][vc_mad_blockquotes style=&#8221;style-2&#8243;]Laquelle des deux puissances peut \u00e9lever l\u2019homme aux plus sublimes hauteurs, l\u2019amour ou la musique ? [\u2026] L\u2019amour ne peut pas donner une id\u00e9e de la [&hellip;]<\/p>\n","protected":false},"author":1,"featured_media":4261,"parent":0,"menu_order":0,"comment_status":"closed","ping_status":"closed","template":"","meta":{"footnotes":""},"class_list":["post-71","page","type-page","status-publish","has-post-thumbnail","hentry"],"_links":{"self":[{"href":"https:\/\/www.berlioz-anhb.com\/index.php\/wp-json\/wp\/v2\/pages\/71","targetHints":{"allow":["GET"]}}],"collection":[{"href":"https:\/\/www.berlioz-anhb.com\/index.php\/wp-json\/wp\/v2\/pages"}],"about":[{"href":"https:\/\/www.berlioz-anhb.com\/index.php\/wp-json\/wp\/v2\/types\/page"}],"author":[{"embeddable":true,"href":"https:\/\/www.berlioz-anhb.com\/index.php\/wp-json\/wp\/v2\/users\/1"}],"replies":[{"embeddable":true,"href":"https:\/\/www.berlioz-anhb.com\/index.php\/wp-json\/wp\/v2\/comments?post=71"}],"version-history":[{"count":60,"href":"https:\/\/www.berlioz-anhb.com\/index.php\/wp-json\/wp\/v2\/pages\/71\/revisions"}],"predecessor-version":[{"id":4538,"href":"https:\/\/www.berlioz-anhb.com\/index.php\/wp-json\/wp\/v2\/pages\/71\/revisions\/4538"}],"wp:featuredmedia":[{"embeddable":true,"href":"https:\/\/www.berlioz-anhb.com\/index.php\/wp-json\/wp\/v2\/media\/4261"}],"wp:attachment":[{"href":"https:\/\/www.berlioz-anhb.com\/index.php\/wp-json\/wp\/v2\/media?parent=71"}],"curies":[{"name":"wp","href":"https:\/\/api.w.org\/{rel}","templated":true}]}}