{"id":67,"date":"2024-06-06T17:18:42","date_gmt":"2024-06-06T15:18:42","guid":{"rendered":"http:\/\/obkgqww.cluster023.hosting.ovh.net\/?page_id=67"},"modified":"2025-11-29T16:16:30","modified_gmt":"2025-11-29T15:16:30","slug":"historique","status":"publish","type":"page","link":"https:\/\/www.berlioz-anhb.com\/index.php\/lassociation\/historique\/","title":{"rendered":"Historique de l&#8217;association"},"content":{"rendered":"\n<hr class=\"wp-block-separator has-text-color has-cyan-bluish-gray-color has-alpha-channel-opacity has-cyan-bluish-gray-background-color has-background\"\/>\n\n\n\n<h2 class=\"wp-block-heading\"><strong>Pr\u00e9lude<\/strong><\/h2>\n\n\n\n<p><strong>La ville de La C\u00f4te-Saint-Andr\u00e9<\/strong> n\u2019a pas attendu longtemps pour honorer la m\u00e9moire du plus illustre de ses fils : le 21 juin 1885, \u00e0 l&#8217;initiative de la Soci\u00e9t\u00e9 philharmonique de la ville, une plaque appos\u00e9e sur sa maison natale attestait l\u2019admiration et la fiert\u00e9 de ses compatriotes tandis qu\u2019une statue en bronze, \u0153uvre de Lenoir, \u00e9tait \u00e9rig\u00e9e en 1887 sur l\u2019esplanade de la ville, r\u00e9plique de la statue inaugur\u00e9e \u00e0 Paris, place Vintimille, l\u2019ann\u00e9e pr\u00e9c\u00e9dente.<\/p>\n\n\n\n<div class=\"wp-block-media-text is-stacked-on-mobile\"><figure class=\"wp-block-media-text__media\"><img loading=\"lazy\" decoding=\"async\" width=\"1024\" height=\"660\" src=\"http:\/\/obkgqww.cluster023.hosting.ovh.net\/wp-content\/uploads\/2024\/08\/Berlioz-citation_Musee-HB-1024x660.jpg\" alt=\"\u00ab L\u2019art est grand, le sentiment infini, l\u2019intelligence born\u00e9e, manuscrit, s. d., \u00a9 Mus\u00e9e Hector-Berlioz. \u00bb\" class=\"wp-image-2919 size-full\" srcset=\"https:\/\/www.berlioz-anhb.com\/wp-content\/uploads\/2024\/08\/Berlioz-citation_Musee-HB-1024x660.jpg 1024w, https:\/\/www.berlioz-anhb.com\/wp-content\/uploads\/2024\/08\/Berlioz-citation_Musee-HB-300x193.jpg 300w, https:\/\/www.berlioz-anhb.com\/wp-content\/uploads\/2024\/08\/Berlioz-citation_Musee-HB-768x495.jpg 768w, https:\/\/www.berlioz-anhb.com\/wp-content\/uploads\/2024\/08\/Berlioz-citation_Musee-HB.jpg 1424w\" sizes=\"auto, (max-width: 1024px) 100vw, 1024px\" \/><\/figure><div class=\"wp-block-media-text__content\">\n<p><strong>1903<\/strong><br>\u00c0 l\u2019occasion du premier centenaire de la naissance de Berlioz, un comit\u00e9 c\u00f4tois se cr\u00e9e \u00e0 l&#8217;initiative de Jean Celle afin de r\u00e9unir tous les souvenirs, partitions et autographes de Berlioz et de cr\u00e9er un petit mus\u00e9e qui voit le jour en 1905, un an apr\u00e8s la naissance d&#8217;une premi\u00e8re \u00ab association Berlioz \u00bb.<\/p>\n\n\n\n<p><strong>1931<\/strong><br>Le 25 avril 1931, \u00e0 l\u2019h\u00f4tel de ville de La C\u00f4te-Saint-Andr\u00e9, se constitue<br>un comit\u00e9 Berlioz dont le but est de cr\u00e9er une \u00ab Association des amis de<br>Berlioz \u00bb. Elle est fond\u00e9e le 1er juin 1931. Son but : \u00ab conserver<br>au culte de la Musique et des Arts la maison natale du Ma\u00eetre \u00bb. Elle comprend huit membres. Le pr\u00e9sident est Joseph Charbonnel, pharmacien, petit-fils du camarade d\u2019\u00e9tudes de Berlioz \u00e0 Paris. Une antenne parisienne est \u00e9galement mise sur pied.<\/p>\n\n\n\n<p><strong>1932<\/strong><br>L\u2019incroyable survient : une g\u00e9n\u00e9reuse Parisienne, Mme C\u00e9lina Dumien, h\u00e9riti\u00e8re d&#8217;un fr\u00e8re richissime, offre le montant du prix de la maison natale \u00e0 la jeune association.<\/p>\n\n\n\n<p><\/p>\n<\/div><\/div>\n\n\n\n<div class=\"wp-block-media-text has-media-on-the-right is-stacked-on-mobile\"><div class=\"wp-block-media-text__content\">\n<p><strong>1935<\/strong><br>Le premier mus\u00e9e Berlioz est inaugur\u00e9 \u00e0 La C\u00f4te-Saint-Andr\u00e9 par le maire de Lyon, \u00c9douard Herriot, le 7 juillet 1935. On joua cette ann\u00e9e-l\u00e0 <em>La Damnation de Faust<\/em>, sous la direction de Jean Witkovski, avec Ninon Vallin, Fr\u00e9d\u00e9ric Anspach et Charles Panz\u00e9ra.<br>Pendant trente ans, les \u00ab Amis de Berlioz \u00bb, malgr\u00e9 leur d\u00e9nuement financier, n\u2019\u00e9pargn\u00e8rent pas leur peine pour maintenir vivante la m\u00e9moire du compositeur et d\u2019abord en entretenant l\u2019imposante maison natale.<\/p>\n\n\n\n<p><strong>1962<\/strong><br>Sous l\u2019impulsion d\u2019admirateurs de Paris qui avaient compris que, pour se faire conna\u00eetre, l\u2019association devait sortir de son cadre sp\u00e9cifiquement c\u00f4tois, les \u00ab Amis de Berlioz \u00bb donn\u00e8rent naissance \u00e0 l&#8217;<strong>Association nationale Hector Berlioz<\/strong> dont Th\u00e9r\u00e8se Husson fut secr\u00e9taire g\u00e9n\u00e9rale jusqu&#8217;en 2005 (c&#8217;est \u00e0 elle, notamment, qu&#8217;on doit l&#8217;\u00e9dition de la <em>Correspondance g\u00e9n\u00e9rale<\/em>).<\/p>\n\n\n\n<p>Son premier soin est la promotion d\u2019une manifestation de grande envergure : l\u2019ex\u00e9cution, dans sa version int\u00e9grale du <em>Te Deum<\/em> en la cath\u00e9drale Notre-Dame de Paris le 28 mai <strong>1963 <\/strong>devant 7 500 auditeurs. L\u2019impact fut immense, car cette manifestation \u00e9tait relay\u00e9e par la radio et la t\u00e9l\u00e9vision, alors que Berlioz connaissait, en France, une v\u00e9ritable travers\u00e9e du d\u00e9sert.<br>L\u2019ann\u00e9e suivante paraissait le premier Bulletin de liaison de l\u2019AnHB, destin\u00e9 aux adh\u00e9rents qui commen\u00e7aient \u00e0 la rejoindre.<\/p>\n\n\n\n<p>En <strong>1966<\/strong>, l\u2019association obtenait la Reconnaissance d\u2019utilit\u00e9 publique, en hommage \u00e0 son action pour le maintien et l\u2019enrichissement du patrimoine artistique national.<\/p>\n<\/div><figure class=\"wp-block-media-text__media\"><img loading=\"lazy\" decoding=\"async\" width=\"777\" height=\"1024\" src=\"http:\/\/obkgqww.cluster023.hosting.ovh.net\/wp-content\/uploads\/2024\/08\/Berlioz-2-Sieffert-777x1024.jpg\" alt=\"\" class=\"wp-image-2911 size-full\" srcset=\"https:\/\/www.berlioz-anhb.com\/wp-content\/uploads\/2024\/08\/Berlioz-2-Sieffert-777x1024.jpg 777w, https:\/\/www.berlioz-anhb.com\/wp-content\/uploads\/2024\/08\/Berlioz-2-Sieffert-228x300.jpg 228w, https:\/\/www.berlioz-anhb.com\/wp-content\/uploads\/2024\/08\/Berlioz-2-Sieffert-768x1012.jpg 768w, https:\/\/www.berlioz-anhb.com\/wp-content\/uploads\/2024\/08\/Berlioz-2-Sieffert-1165x1536.jpg 1165w, https:\/\/www.berlioz-anhb.com\/wp-content\/uploads\/2024\/08\/Berlioz-2-Sieffert.jpg 1475w\" sizes=\"auto, (max-width: 777px) 100vw, 777px\" \/><\/figure><\/div>\n\n\n\n<div class=\"wp-block-media-text is-stacked-on-mobile\"><figure class=\"wp-block-media-text__media\"><img loading=\"lazy\" decoding=\"async\" width=\"1024\" height=\"680\" src=\"http:\/\/obkgqww.cluster023.hosting.ovh.net\/wp-content\/uploads\/2024\/08\/Jardin_du_Musee_Hector-Berlioz_en_2014.jpg\" alt=\"\" class=\"wp-image-3022 size-full\" srcset=\"https:\/\/www.berlioz-anhb.com\/wp-content\/uploads\/2024\/08\/Jardin_du_Musee_Hector-Berlioz_en_2014.jpg 1024w, https:\/\/www.berlioz-anhb.com\/wp-content\/uploads\/2024\/08\/Jardin_du_Musee_Hector-Berlioz_en_2014-300x200.jpg 300w, https:\/\/www.berlioz-anhb.com\/wp-content\/uploads\/2024\/08\/Jardin_du_Musee_Hector-Berlioz_en_2014-768x510.jpg 768w\" sizes=\"auto, (max-width: 1024px) 100vw, 1024px\" \/><\/figure><div class=\"wp-block-media-text__content\">\n<p><strong>1969<\/strong><br>Le poids de plus en plus lourd de l\u2019entretien du mus\u00e9e Berlioz, maison qui comptait deux si\u00e8cles et demi d\u2019\u00e2ge, d\u00e9cida le pr\u00e9sident en exercice, M. Jean Boyer, d\u00e9put\u00e9 de l\u2019Is\u00e8re, \u00e0 c\u00e9der le mus\u00e9e Berlioz au Conseil g\u00e9n\u00e9ral de l\u2019Is\u00e8re qui accepta et entreprit une restauration urgente et compl\u00e8te de la maison natale, devenue mus\u00e9e d\u00e9partemental.<\/p>\n\n\n\n<p>En <strong>1969<\/strong>, pour le premier centenaire de la mort de Berlioz, l\u2019\u00e9difice avait retrouv\u00e9 tout son \u00e9clat.<\/p>\n\n\n\n<p>L\u2019AnHB devait conserver la gestion du mus\u00e9e jusqu\u2019en <strong>1995<\/strong>.<\/p>\n\n\n\n<p><\/p>\n<\/div><\/div>\n\n\n\n<p><\/p>\n\n\n\n<p><\/p>\n\n\n\n<details class=\"wp-block-details is-layout-flow wp-block-details-is-layout-flow\"><summary>L\u00e9gende illustrations et photographies<\/summary>\n<p>\u00ab L\u2019art est grand, le sentiment infini, l\u2019intelligence born\u00e9e \u00bb manuscrit, s. d., \u00a9 Mus\u00e9e Hector-Berlioz<br>Huile sur toile, \u00a9 Mus\u00e9e Hector-Berlioz<br>Maison natale d\u2019Hector Berlioz, La C\u00f4te-Saint-Andr\u00e9<\/p>\n<\/details>\n\n\n\n<div style=\"height:100px\" aria-hidden=\"true\" class=\"wp-block-spacer\"><\/div>\n\n\n\n<hr class=\"wp-block-separator has-alpha-channel-opacity\"\/>\n\n\n\n<h2 class=\"wp-block-heading\"><strong>L\u2019AnHB en action<\/strong><\/h2>\n\n\n\n<p>Depuis longtemps, l\u2019association nourrissait une grande ambition : la r\u00e9alisation d\u2019une nouvelle \u00e9dition critique de l\u2019\u0153uvre musicale et litt\u00e9raire de Berlioz, cette derni\u00e8re pratiquement introuvable. <strong>D\u00e8s 1965<\/strong>, l\u2019AnHB prenait les premiers contacts pour la mise en route de l\u2019\u00e9dition musicale lorsqu\u2019un comit\u00e9 britannique lui fit savoir qu\u2019il assumerait ce travail, soutenu par la Fondation Calouste Gulbenkian. En plein accord avec le comit\u00e9 britannique, il fut convenu que l\u2019AnHB se chargerait de <strong>l\u2019\u00e9dition critique de l\u2019\u0153uvre litt\u00e9raire de Berlioz<\/strong> : cette double entreprise aboutirait \u00e0 une \u00e9dition monumentale de r\u00e9f\u00e9rence.<\/p>\n\n\n\n<div style=\"height:100px\" aria-hidden=\"true\" class=\"wp-block-spacer\"><\/div>\n\n\n\n<hr class=\"wp-block-separator has-alpha-channel-opacity is-style-default\"\/>\n\n\n\n<h2 class=\"wp-block-heading\"><strong>\u00c9dition litt\u00e9raire : chronologie de la parution<\/strong><\/h2>\n\n\n\n<p><strong>1968<\/strong> <br><strong><em>Les Soir\u00e9es de l\u2019orchestre<\/em><\/strong> <br><strong>1969 <\/strong><br><strong><em>Les Grotesques de la musique<\/em><\/strong> <br><strong>1971<\/strong> <br><em><strong>\u00c0 travers chants<\/strong><\/em> <br>Trois volumes annot\u00e9s par L\u00e9on Guichard.<br>Gr\u00fcnd, r\u00e9impression 1998.<\/p>\n\n\n\n<p><strong>1972 &#8211; 2003<\/strong> <br><strong>Hector Berlioz<\/strong>, <strong><em>Correspondance g\u00e9n\u00e9rale<\/em><\/strong>, 8 volumes. <br>Sous la direction de Pierre Citron. <br>Flammarion.<\/p>\n\n\n\n<p><strong>1996 &#8211; 2020<\/strong> <br><strong>Hector Berlioz<\/strong>,<strong><em> Critique musicale <\/em>(1823-1863)<\/strong>,<strong><em> <\/em><\/strong>10 volumes.<br>\u00c9diteurs : H. Robert Cohen, Yves G\u00e9rard, Anne Bongrain, Marie-H\u00e9l\u00e8ne Coudroy-Sagha\u00ef.<br>Buchet-Chastel, puis Soci\u00e9t\u00e9 fran\u00e7aise de musicologie.<\/p>\n\n\n\n<div style=\"height:100px\" aria-hidden=\"true\" class=\"wp-block-spacer\"><\/div>\n\n\n\n<hr class=\"wp-block-separator has-alpha-channel-opacity\"\/>\n\n\n\n<h2 class=\"wp-block-heading\"><strong>De la musique avant toute chose<\/strong><\/h2>\n\n\n\n<p>Servir Berlioz, c\u2019est aussi, et surtout, faire entendre sa musique. En <strong>1975<\/strong>, le pr\u00e9sident en exercice, Aim\u00e9 Suzet-Charbonnel, et M. Jean Boyer, d\u00e9put\u00e9, chargeaient Serge Baudo de cr\u00e9er un Festival Berlioz et d\u2019en assurer la direction artistique. En septembre <strong>1979<\/strong>, le premier Festival Berlioz (Lyon-La C\u00f4te-Saint-Andr\u00e9) voyait le jour et, pendant dix ans, s\u2019affirma comme un \u00e9v\u00e9nement musical de taille internationale.<\/p>\n\n\n\n<p>Une malencontreuse d\u00e9cision de la municipalit\u00e9 lyonnaise mit fin \u00e0 son existence en <strong>1989<\/strong>.<br>R\u00e9volte, d\u00e9sarroi, sursaut !<\/p>\n\n\n\n<p>C\u2019est \u00e0 Jean Boyer, pr\u00e9sident de l\u2019AnHB \u00e0 cette \u00e9poque, que nous devons le nouveau d\u00e9part du Festival Berlioz, \u00e0 La C\u00f4te-Saint-Andr\u00e9 cette fois. Apr\u00e8s cinq ans de luttes men\u00e9es avec pers\u00e9v\u00e9rance, Jean Boyer pouvait, en <strong>1994 <\/strong>annoncer la r\u00e9surgence du Festival Berlioz dans la ville natale du compositeur.<\/p>\n\n\n\n<p>L&#8217;Association nationale Hector Berlioz est pr\u00e9sid\u00e9e, depuis <strong>2005<\/strong>, par G\u00e9rard Cond\u00e9.<\/p>\n\n\n\n<p><strong>Les pr\u00e9sidents successifs de l\u2019AnHB&nbsp;:<\/strong><\/p>\n\n\n\n<p>&#8211; Joseph Charbonnel, de 1931 au 5 mai 1955<br>&#8211; Lucien Hussel, du 16 octobre 1955 au 27 mars 1967<br>&#8211; Jean Boyer, du 25 novembre 1967 au 6 d\u00e9cembre 1969<br>&#8211; Aim\u00e9 Suzet-Charbonnel, du 6 d\u00e9cembre 1969 au 8 juillet 1981<br>&#8211; Jean Boyer, du 19 septembre 1981 \u00e0 janvier 1996<br>&#8211; Alain Rousselon, du 20 janvier 1996 au 29 novembre 2003<br>&#8211; G\u00e9rard Cond\u00e9, depuis le 3 d\u00e9cembre 2005<\/p>\n\n\n\n<div style=\"height:100px\" aria-hidden=\"true\" class=\"wp-block-spacer\"><\/div>\n","protected":false},"excerpt":{"rendered":"<p>Pr\u00e9lude La ville de La C\u00f4te-Saint-Andr\u00e9 n\u2019a pas attendu longtemps pour honorer la m\u00e9moire du plus illustre de ses fils : le 21 juin 1885, \u00e0 l&#8217;initiative de la Soci\u00e9t\u00e9 [&hellip;]<\/p>\n","protected":false},"author":1,"featured_media":4280,"parent":14,"menu_order":0,"comment_status":"closed","ping_status":"closed","template":"","meta":{"footnotes":""},"class_list":["post-67","page","type-page","status-publish","has-post-thumbnail","hentry"],"_links":{"self":[{"href":"https:\/\/www.berlioz-anhb.com\/index.php\/wp-json\/wp\/v2\/pages\/67","targetHints":{"allow":["GET"]}}],"collection":[{"href":"https:\/\/www.berlioz-anhb.com\/index.php\/wp-json\/wp\/v2\/pages"}],"about":[{"href":"https:\/\/www.berlioz-anhb.com\/index.php\/wp-json\/wp\/v2\/types\/page"}],"author":[{"embeddable":true,"href":"https:\/\/www.berlioz-anhb.com\/index.php\/wp-json\/wp\/v2\/users\/1"}],"replies":[{"embeddable":true,"href":"https:\/\/www.berlioz-anhb.com\/index.php\/wp-json\/wp\/v2\/comments?post=67"}],"version-history":[{"count":76,"href":"https:\/\/www.berlioz-anhb.com\/index.php\/wp-json\/wp\/v2\/pages\/67\/revisions"}],"predecessor-version":[{"id":4621,"href":"https:\/\/www.berlioz-anhb.com\/index.php\/wp-json\/wp\/v2\/pages\/67\/revisions\/4621"}],"up":[{"embeddable":true,"href":"https:\/\/www.berlioz-anhb.com\/index.php\/wp-json\/wp\/v2\/pages\/14"}],"wp:featuredmedia":[{"embeddable":true,"href":"https:\/\/www.berlioz-anhb.com\/index.php\/wp-json\/wp\/v2\/media\/4280"}],"wp:attachment":[{"href":"https:\/\/www.berlioz-anhb.com\/index.php\/wp-json\/wp\/v2\/media?parent=67"}],"curies":[{"name":"wp","href":"https:\/\/api.w.org\/{rel}","templated":true}]}}