{"id":3446,"date":"2024-08-08T19:04:49","date_gmt":"2024-08-08T17:04:49","guid":{"rendered":"http:\/\/obkgqww.cluster023.hosting.ovh.net\/?page_id=3446"},"modified":"2025-01-11T11:04:15","modified_gmt":"2025-01-11T10:04:15","slug":"reeditions","status":"publish","type":"page","link":"https:\/\/www.berlioz-anhb.com\/index.php\/mieux-connaitre-berlioz\/ecouter\/discographie-cumulative\/reeditions\/","title":{"rendered":"R\u00e9\u00e9ditions"},"content":{"rendered":"\n<h3 class=\"wp-block-heading\">R\u00e9\u00e9ditions<\/h3>\n\n\n\n<p>(tri alphab\u00e9tique)<\/p>\n\n\n\n<figure class=\"wp-block-table is-style-stripes\"><table><tbody><tr><td><\/td><\/tr><tr><td><strong><em>B\u00e9atrice et B\u00e9n\u00e9dict<\/em><\/strong>, Air (B\u00e9atrice) \u00ab&nbsp;Dieu&nbsp;! Que viens-je d\u2019entendre ?&nbsp;\u00bb<br>In&nbsp;:&nbsp;<em>Plaisir d\u2019amour \u2013 A Celebration of the Art of Dame Janet Baker<\/em>.<br>London Symphony Orchestra, dir. Sir Colin Davis.<br>2CD Decca 478 0320<br>Enregistr\u00e9 en d\u00e9cembre 1977.<\/td><\/tr><tr><td>&nbsp;<\/td><\/tr><tr><td><strong><em>Benvenuto Cellini&nbsp;<\/em><\/strong>: B\u00e9n\u00e9diction et serment (Liszt)<br>Alfred Brendel, piano.Enregistr\u00e9 entre 1955 et 1959.<br>In&nbsp;:&nbsp;<em>Great Liszt interpreters play Liszt<br><\/em>10 CD Brilliant Classics BRIL93786Enregistr\u00e9 entre 1949 et 2005.<\/td><\/tr><tr><td>&nbsp;<\/td><\/tr><tr><td><strong><em>La Damnation de Faust (r\u00e9\u00e9dition de 2017)<\/em><\/strong><br><br>Guy Chauvet (Faust)<br>Michel Roux (M\u00e9phistoph\u00e9l\u00e8s)<br>Peter van der Bilt (Brander)<br>R\u00e9gine Crespin (Marguerite)<br><br>Orchestre et ch\u0153ur de la Radio hollandaise<br>Jean Fournet, direction<br><br>2 CD Malibran MR 820<br><br>Enregistr\u00e9 \u00e0 Amsterdam le 23 mars 1963<\/td><\/tr><tr><td>&nbsp;<\/td><\/tr><tr><td><strong><em>La Damnation&nbsp;de Faust<br><\/em><\/strong>Nicolai Gedda, t\u00e9nor&nbsp;; Roger Soyer, basse&nbsp;; Dimiter Petrov, basse&nbsp;; Marilyn Horne, mezzo-soprano&nbsp;; Coro di Roma della Rai&nbsp;; Orchestra sinfonica di Roma della Rai, dir. Georges Pr\u00eatre.Avec&nbsp;:&nbsp;<em>La Juive<\/em>,&nbsp;<em>Faust<\/em>,&nbsp;<em>Carmen<\/em>,&nbsp;<em>Samson et Dalila<\/em>,&nbsp;<em>Lakm\u00e9<\/em>.14CD Bravissimo Opera Library 9082<br>Enregistr\u00e9 en public en janvier 1969.<br><br><strong><em>La Damnation de Faust<\/em><\/strong><br><strong><em>Cl\u00e9op\u00e2tre<\/em><br><\/strong>Nicolai Gedda (Faust), Gabriel Bacquier (M\u00e9phistoph\u00e9l\u00e8s), Pierre Thau (Brander), Janet Baker (Marguerite, Cl\u00e9opatre*), Maria Peronne (Une voix de soprano), Ch\u0153ur de l\u2019Op\u00e9ra de Paris, Orchestre de Paris, dir. Georges Pr\u00eatre.<br>London Symphony Orchestra, dir. Alexander Gibson*.<br>2CD EMI Classics 3814932<br>Enregistr\u00e9 salle Wagram, Paris, en octobre 1969, et \u00e0 Watford Town Hall, Londres, en septembre 1969*.<br><br><strong><em>La Damnation&nbsp;de Faust&nbsp;<\/em><\/strong>(extraits),&nbsp;<br><strong><em>Harold en Italie&nbsp;<\/em><\/strong>(extraits)<br>In&nbsp;:&nbsp;<em>Serge Koussevitski. A Conductor of the XXth Century. Boston Symphony Orchestra. 1936-1950<\/em>.William Primrose, alto&nbsp;; Boston Symphony Orchestra, dir. Serge Koussevitzki.<br>Avec&nbsp;: Mozart, Beethoven, Schubert, Tcha\u00efkovski, Brahms, Wagner, Strauss, Liszt, Rachmaninov, Sibelius.4CD United Archives UAR022<br><br>Enregistr\u00e9 le 8 mai 1936 (<em>La Damnation&nbsp;de Faust<\/em>), en 1944 (<em>Harold en Italie<\/em>).<strong>&nbsp;<\/strong>Marche hongroise<br>In&nbsp;:&nbsp;<em>Guido Cantelli, New York Philharmonic, NBC Symphony, Live recordings 1951-1953<\/em>.<br>Enregistr\u00e9 avec le NBC Symphony Orchestra, \u00e0 Carnegie Hall, New York, le 15 d\u00e9cembre 1951.<br>Avec&nbsp;: Moussorgski, Wagner, Roussel.<br>CD Guild Historical GHCD 2328\u00ab E che tu qui&nbsp;\u00bb (<strong><em>La Damnation de Faust<\/em><\/strong>)<br>Beniamino Gigli, t\u00e9nor.Avec&nbsp;: Meyerbeer, Verdi, Rossini, Franchetti, Puccini, Giordano.CD Symposium 1364<\/td><\/tr><tr><td>&nbsp;<\/td><\/tr><tr><td><strong><em>L\u2019Enfance du Christ<br><\/em><\/strong>Anne Sofie von Otter, mezzo-soprano&nbsp;; Gilles Cachemaille, baryton ; Anthony Rolfe-Johnson, t\u00e9nor&nbsp;; Jules Bastin, basse&nbsp;; Monteverdi Choir&nbsp;; Orchestre de l\u2019Op\u00e9ra de Lyon, dir. John Eliot Gardiner.<br>2CD Warner Classics 2564 69764-6<br>Enregistr\u00e9 \u00e0 l\u2019\u00e9glise Sainte-Madeleine, P\u00e9rouges, en janvier 1987.<\/td><\/tr><tr><td>&nbsp;<\/td><\/tr><tr><td><em><strong>L\u2019Enfance du Christ<\/strong><\/em><em><\/em><em><br><\/em>John Aler (R\u00e9citant), Jean Rigby (Sainte Marie), Gerald Finley (Saint Joseph),&nbsp;Alastair&nbsp; Miles (H\u00e9rode), Gwynne Howell (P\u00e8re de famille), Robert Poulton (Polydorus), Peter Evans (Centurion), St. Paul\u2019s Cathedral Chorists, Corydon Singers, Corydon Orchestra, dir. Matthew Best.<br>2CD Hyperion CDD22067 Coll. \u00ab&nbsp;Dyad&nbsp;\u00bb<br>Enregistr\u00e9 \u00e0 All Hallows, Gospel Oak, Londres, en octobre 1994.<\/td><\/tr><tr><td>&nbsp;<\/td><\/tr><tr><td>Trio\u2026 ex\u00e9cut\u00e9 par les jeunes Ismaelites (<strong><em>L\u2019Enfance du Christ<\/em><\/strong>)<br>Goldsborough Orchestra, dir. Sir Colin Davis.<br>In&nbsp;:&nbsp;<em>The Christmas Spirit<\/em>. The World\u2019s Favourite Hymns &amp; Carols<br>2CD Decca 475 9177 1<br>Enregistr\u00e9 en janvier 1961 (Trio\u2026 ex\u00e9cut\u00e9 par les jeunes Ismaelites)<\/td><\/tr><tr><td>&nbsp;<\/td><\/tr><tr><td><strong><em>Grande Messe des morts&nbsp;<\/em><\/strong>(Requiem),&nbsp;<strong><em>Symphonie fantastique<\/em><\/strong><br>Nicolai Gedda, t\u00e9nor&nbsp;; K\u00f6lner Rundfunk-Sinfonie-Orchester, dir. Dimitri Mitropoulos.<br>New York Philharmonic, dir. Dimitri Mitropoulos.<br>2CD Andromeda 9038<br>Enregistr\u00e9 \u00e0 Cologne, le 26 ao\u00fbt 1956 (Requiem).<br>Enregistr\u00e9 \u00e0 New York, le 14 avril 1957 (<em>Symphonie fantastique<\/em>).<\/td><\/tr><tr><td>&nbsp;<\/td><\/tr><tr><td><strong><em>Grande Messe des morts (Requiem)&nbsp;<\/em><\/strong><br>Richard Lewis, t\u00e9nor<br>Royal Philharmonic Orchestra and Chorus<br>Sir Thomas Beecham<br>1 CD Pristine AUDIO PACO157<br>Enregistr\u00e9 en direct \u00e0 Londres, Royal Albert Hall, le 13 d\u00e9cembre 1959<br><br>R\u00e9\u00e9dition de 2019<\/td><\/tr><tr><td>&nbsp;<\/td><\/tr><tr><td><strong><em>Irlande<\/em><\/strong>,&nbsp;<em><strong>Le Tr\u00e9buchet<\/strong><\/em>,&nbsp;<em><strong>La Mort&nbsp;<\/strong><strong>d\u2019Oph\u00e9lie<\/strong><\/em>, Chant de la f\u00eate de P\u00e2ques<br>April Cantelo, soprano&nbsp;; Helen Watts, alto&nbsp;; Robert Tear, t\u00e9nor&nbsp;; Richard Salter, basse&nbsp;; Viola Tunnard, piano&nbsp;; Monteverdi Choir, English Chamber Orchestra, dir. John Eliot Gardiner.<br>CD L\u2019Oiseau-Lyre 475 8725 5<em><\/em><\/td><\/tr><tr><td>&nbsp;<\/td><\/tr><tr><td><strong><em>Les Nuits d\u2019\u00e9t\u00e9<\/em><\/strong><br>Victoria de Los Angeles, soprano&nbsp;; Boston Symphony Orchestra, dir. Charles Munch.<strong><br><\/strong>Enregistr\u00e9 au Boston Symphony Hall les 12 et 13 avril 1955.<strong><br><\/strong>Avec&nbsp;: Debussy,&nbsp;<em>La Damoiselle \u00e9lue<\/em>.<br>Victoria de Los Angeles, soprano ; Carol Smith, contralto&nbsp;; Radcliffe Choral Society ; Boston Symphony Orchestra, dir. Charles Munch.<strong><br><\/strong>Enregistr\u00e9 au Boston Symphony Hall le 11 avril 1955.<strong><br><\/strong>Bonus (CD 3)<strong><br><\/strong>In&nbsp;: Massenet,&nbsp;<strong><em>Manon<\/em><\/strong>.<strong><em><\/em><\/strong><br>3CD Naxos 811126870 coll. \u00ab Naxos Historical&nbsp;\u00bb<\/td><\/tr><tr><td>&nbsp;<\/td><\/tr><tr><td><strong><em>Les Nuits d\u2019\u00e9t\u00e9<\/em><\/strong><br>In&nbsp;:&nbsp;<em>Janet Baker.&nbsp;<\/em><em>The Beloved Mezzo Sings Mahler, Elgar, Berlioz, Chausson, Schubert, Schumann, Bach, Handel<\/em>.<br>5CD EMI Classics 2 08087 2 Coll. \u00ab&nbsp;Icon&nbsp;\u00bbJanet Baker, mezzo-soprano ; New Philharmonia Orchestra, dir. Sir John Barbirolli.<br>Enregistr\u00e9 \u00e0 Abbey Road Studio 1, Londres, en ao\u00fbt 1967 (<em>Les Nuits d\u2019\u00e9t\u00e9<\/em>).<\/td><\/tr><tr><td>&nbsp;<\/td><\/tr><tr><td>Villanelle, Sur les lagunes, L\u2019\u00eele inconnue (<em><strong>Les Nuits d\u2019\u00e9t\u00e9<\/strong><\/em>)<br>In :&nbsp;<em>Cesare Valletti: New York Town Hall Recitals 1959 &amp; 1960; The Art of Song<\/em>.<br>Cesare Valletti, t\u00e9nor ; Leo Traubman, piano.<br>2CD Testament SBT21413<br>Enregistr\u00e9 au Town Hall, New York City, le 16 octobre 1959.<\/td><\/tr><tr><td>&nbsp;<\/td><\/tr><tr><td>Villanelle<br>In&nbsp;:&nbsp;<em>40 Most Beautiful Summer Songs<\/em>.<br>Dawn Upshaw, soprano.<br>Avec&nbsp;: divers compositeurs.<br>Divers interpr\u00e8tes. Divers chefs d\u2019orchestre.<br>2CD Warner Classics 2564-69849-8<\/td><\/tr><tr><td>&nbsp;<\/td><\/tr><tr><td><strong><em>Ouverture du Corsaire<\/em><\/strong>, Chasse royale et Orage (<strong><em>Les Troyens<\/em><\/strong>)<br>In&nbsp;:&nbsp;<em>Hamilton Harty \u2013 Conductor, Composer, Arranger<\/em>.Manchester School Children\u2019s Choir, London Philharmonic Orchestra*, Halle Orchestra, dir. Sir Hamilton Harty.<br>Avec&nbsp;: Purcell , Humperdinck, Handel (Harty)*, Harty, Liszt (Doppler), Rimski-Korsakov, Moussorgski.<br>CD Beulah 1PD25<br>Enregistr\u00e9 entre 1926 et 1934, le 10 avril 1931 (Chasse royale et Orage), le 9 novembre 1934 (<em>Ouverture du Corsaire<\/em>). &nbsp;<\/td><\/tr><tr><td>&nbsp;<\/td><\/tr><tr><td><strong><em>Paul Paray, Orchestre des Concerts Colonne (r\u00e9\u00e9dition de 2018)<\/em><br><br><\/strong><em>Symphonie fantastique<br>Grande Ouverture de Benvenuto Cellini<\/em><br>Marche hongroise (&nbsp;<em>La Damnation de Faust&nbsp;<\/em>)<br><br>Orchestre des Concerts Colonne<br>Paul Paray, direction<br><br>1 CD Forgotten Records FR 1512<br><br>Enregistr\u00e9 en public \u00e0 Paris, Salle Pleyel, le 8 d\u00e9cembre 1950<\/td><\/tr><tr><td>&nbsp;<\/td><\/tr><tr><td>Requiem Op. 5, \u201c<strong><em>Grande Messe des Morts<\/em><\/strong>\u201d<br>Ronald Dowd, t\u00e9nor&nbsp;; Wandsworth Schoolboys\u2019 Choir (Russell Burgess, chef de ch\u0153ur)&nbsp;; London Symphony Orchestra and Chorus (Arthur Oldham, chef de ch\u0153ur), dir. Sir Colin Davis.2 SA-CD set Pentatone PTC 5186 191<br>Enregistr\u00e9 en juin 1969.<\/td><\/tr><tr><td>&nbsp;<\/td><\/tr><tr><td><strong><em>R\u00eaverie et Caprice<\/em><br><\/strong>In&nbsp;:&nbsp;<em>Violin Romances<\/em>.<br>Arthur Grumiaux, violon&nbsp;; New Philharmonia Orchestra, dir. Edo de Waart&nbsp;; New Philharmonia Orchestra, dir. Raymond Leppard (Schubert).<br>Avec&nbsp;: Beethoven, Tcha\u00efkovski, Wieniawski, Svendsen, Schubert.<br>CD Philips Eloquence 442 8290<\/td><\/tr><tr><td>&nbsp;<\/td><\/tr><tr><td><strong><em>Rom\u00e9o et Juliette<\/em><\/strong>,&nbsp;<strong><em>Les Nuits d\u2019\u00e9t\u00e9<\/em><\/strong><br>Jessye Norman, soprano ; John Aler, t\u00e9nor ; Simon Estes, basse ; Westminster Choir, Princeton ; Philadelphia Orchestra, dir. Riccardo Muti.<br>Janet Baker, mezzo-soprano ; New Philharmonia Orchestra, dir. Sir John Barbirolli.<br>2CD EMI Classics 2176402 Coll. \u00ab&nbsp;Gemini&nbsp;\u00bb<br>Enregistr\u00e9 au Memorial Hall, Fairmont Park, Philadelphie, du 25 au 28 janvier 1986 (<em>Rom\u00e9o et Juliette<\/em>), \u00e0 Abbey Road Studio 1, Londres, en ao\u00fbt 1967 (<em>Les Nuits d\u2019\u00e9t\u00e9<\/em>).<\/td><\/tr><tr><td>&nbsp;<\/td><\/tr><tr><td><strong><em>Symphonie fantastique<\/em><\/strong>.&nbsp;<strong><em>L\u00e9lio<\/em><\/strong><br>Jean Topart, r\u00e9citant&nbsp;; Nicolai Gedda, t\u00e9nor&nbsp;; Charles Burle, t\u00e9nor&nbsp;; Jean van Gorp, baryton&nbsp;; Ch\u0153ur de l\u2019ORTF&nbsp;; Orchestre national de l\u2019ORTF, dir. Jean Martinon.<br>2CD EMI Classics<br>Enregistr\u00e9 salle Wagram, Paris, du 19 au 29 janvier 1973.<\/td><\/tr><tr><td>&nbsp;<\/td><\/tr><tr><td><strong><em>Grande fantaisie symphonique d\u2019apr\u00e8s&nbsp;<\/em>L\u00e9lio<em>&nbsp;de Hector Berlioz<\/em>&nbsp;<\/strong>(Liszt) *<br>In&nbsp;: Liszt<br><em>Works for Piano &amp; Orchestra<\/em>Louis Lortie *, Nelson Freire, piano.Enregistr\u00e9 \u00e0 Dr. Anton Philipszaal, La Haye, en juillet 1999.<br>3CD Brilliant Classics BRIL93700<br>Enregistr\u00e9 entre 1991 et 2000.<\/td><\/tr><tr><td>&nbsp;<\/td><\/tr><tr><td><strong><em>Symphonie fantastique<br><\/em><\/strong>In&nbsp;:&nbsp;<em>Charles Munch<\/em>.<strong><em><br><\/em><\/strong>Orchestre national de la RTF.<strong><br><\/strong>Avec&nbsp;: Franck, Brahms, Tcha\u00efkovski, Debussy, Saint-Sa\u00ebns, Delannoy, Bloch, Honegger, Ernesto Halffter.<br>Ossy Renardy [Brahms], Henry Merckel [Delannoy], Joseph Szigeti [Bloch] (violon), Eileen Farrell [Franck], Kostia Konstantinoff [Tcha\u00efkovski], Alfred Cortot [Saint-Sa\u00ebns], Marguerite Long [Halffter] (piano)<br>Orchestre de la Soci\u00e9t\u00e9 des concerts du Conservatoire, Orchestre national de la RTF, Koninklijk Concertgebouworkest, orchestre non d\u00e9termin\u00e9, dir. Charles Munch.<br>4CD Artone 222357-354<br>Enregistr\u00e9 de 1935 \u00e0 1948.<\/td><\/tr><tr><td>&nbsp;<\/td><\/tr><tr><td><strong><em>Symphonie fantastique<\/em><\/strong><br>Royal Concertgebouw Orchestra, dir. Sir Colin Davis.<br>SACD Pentatone PTC 5186 184<br>Enregistr\u00e9 \u00e0 Amsterdam en janvier 1974<\/td><\/tr><tr><td>&nbsp;<\/td><\/tr><tr><td><strong><em>Symphonie fantastique<\/em><\/strong><em><\/em><br>Sydney Symphony Orchestra, dir. Willem van Otterloo.Enregistr\u00e9 au Concert Hall de Sydney Opera House en ao\u00fbt 1974.In&nbsp;:&nbsp;<em>Sydney Symphony, 75 th Anniversary Collection, Recording Heritage<\/em>.<strong><br><\/strong>5CD ABC Classics 476 5957<\/td><\/tr><tr><td>&nbsp;<\/td><\/tr><tr><td>Marche au supplice (<strong><em>Symphonie fantastique<\/em><\/strong>)<br>In : Claudio Abbado.&nbsp;<em>Marce &amp; danze<\/em>.&nbsp;<em>Marches and Dances<\/em>.<br>Chicago Symphony Orchestra, dir. Claudio Abbado.Enregistr\u00e9 en f\u00e9vrier 1983.<br>Avec&nbsp;:&nbsp;Beethoven, Bizet, Brahms, Hindemith, Mozart, Prokofiev, Schubert, Joh. Strauss I, Tcha\u00efkovsky, Verdi, Wagner.<br>CD DG 477 7645<\/td><\/tr><tr><td>&nbsp;<\/td><\/tr><tr><td><em><strong>Symphonie fantastique, Grande Ouverture des Francs-Juges<\/strong><br><\/em>The London Classical Players, dir. Roger Norrington.<br>CD Virgin Classics<br>Enregistr\u00e9 \u00e0 Abbey Road Studio, Londres, en 1988.<br>Avec disposition de l\u2019orchestre originale.<\/td><\/tr><tr><td>&nbsp;<\/td><\/tr><tr><td><strong><em>Symphonie fantastique, Le Carnaval romain, B\u00e9atrice et B\u00e9n\u00e9dict&nbsp;<\/em><\/strong>(ouverture)<strong><em><\/em><\/strong><em><br><\/em>London Philharmonic Orchestra, dir. Zubin Mehta.<br>CD Teldec 8573-89533-2 coll. \u00ab&nbsp;Les incontournables du classique&nbsp;\u00bb<br>Enregistr\u00e9 en mai 1993.<\/td><\/tr><tr><td>&nbsp;<\/td><\/tr><tr><td><strong><em>Symphonie fantastique<\/em><\/strong>,&nbsp;<strong><em>Harold en Italie<\/em><\/strong>,&nbsp;<strong><em>Rom\u00e9o et Juliette&nbsp;<\/em><\/strong>(extraits), Marche hongroise, Chasse royale et Orage<br>Orchestre symphonique de Montr\u00e9al, dir. Charles Dutoit.<strong><em><br><\/em><\/strong>2CD Decca Coll. \u00ab&nbsp;Double Decca&nbsp;\u00bb<strong><em><\/em><\/strong><\/td><\/tr><tr><td>&nbsp;<\/td><\/tr><tr><td><strong><em>Te Deum (r\u00e9\u00e9dition de 2017)<\/em><\/strong><br>Francisco Araiza, t\u00e9nor<br>London Symphony Chorus<br>London Philharmonic Choir<br>Wooburn Singers<br>St. Alban\u2019s School Choir<br>Haberdasher\u2019s Aske\u2019s School Boy\u2019s Choir<br>Southend Boys Choir<br>Desborough School Choir<br>The Choir of Forest School, Winnersh<br>The Choirboys of High Wycombe Parish Church<br>Martin Haselb\u00f6ck, orgue<br>European Community Youth Orchestra<br>Claudio Abbado, direction<br><br>1 CD Deutsche Grammophon&nbsp;0289 479 5875 8<br><br>Enregistr\u00e9 dans la cath\u00e9drale de St. Albans en avril 1981<\/td><\/tr><tr><td>&nbsp;<\/td><\/tr><tr><td><em>Les Troyens<\/em><strong>, R\u00e9citatif et Quintette, \u00ab&nbsp;Pardonne, I\u00f6pas, ta voix m\u00eame&nbsp;\u00bb, \u00ab&nbsp;\u00d4 pudeur&nbsp;! Tout conspire&nbsp;\u00bb (Didon, Anna, \u00c9n\u00e9e, I\u00f6pas, Narbal)<br>In&nbsp;:&nbsp;<em>Christa Ludwig. Live Recordings 1955-1994<\/em>.<br>3CD&nbsp;Orfeo C 758 083 D<\/strong><\/td><\/tr><tr><td>&nbsp;<\/td><\/tr><tr><td><strong>MONTEUX\u2019S BERLIOZ: THE PARIS RECORDINGS.<\/strong><strong>&nbsp;&nbsp;&nbsp;&nbsp;<br><\/strong>Benvenuto Cellini Overture; Les Troyens: Prelude to Act III; Symphonie Fantastique.<br>Orchestre symphonique de Paris, dir. Pierre Monteux.<br>Enregistr\u00e9 salle Pleyel en juin 1930.<br>CD Music &amp; Arts 4762(1)<strong><\/strong><\/td><\/tr><tr><td>&nbsp;<\/td><\/tr><tr><td>Ouvertures * (<em><strong>Benvenuto Cellini<\/strong><\/em>,&nbsp;<em><strong>Les Francs-Juges<\/strong><\/em>,&nbsp;<em><strong>Le Corsaire<\/strong><\/em>,&nbsp;<em><strong>B\u00e9atrice et B\u00e9n\u00e9dict<\/strong><\/em>,&nbsp;<em><strong>Waverley<\/strong>,&nbsp;<strong>Le Roi Lear<\/strong><\/em>)&nbsp;;&nbsp;<em><strong>Symphonie fantastique<\/strong><\/em>,&nbsp;<em><strong>Le Carnaval romain<\/strong>&nbsp;<\/em>**&nbsp;;&nbsp;<em><strong>Grande Messe des morts<\/strong>&nbsp;<\/em>(Requiem) ***&nbsp;;&nbsp;<em><strong>La Damnation de Faust&nbsp;<\/strong><\/em>(Air de M\u00e9phistoph\u00e9l\u00e8s \u00ab&nbsp;Voici des roses&nbsp;\u00bb, Ch\u0153ur de gnomes et de sylphes \u00ab&nbsp;Dors, dors heureux Faust&nbsp;\u00bb, Ballet des Sylphes),&nbsp;<em><strong>Rom\u00e9o et Juliette<\/strong>&nbsp;<\/em>(Convoi fun\u00e8bre de Juliette, Rom\u00e9o au tombeau des Capulet) ****<br>The Royal Philharmonic Orchestra, dir. Sir Alexander Gibson&nbsp;* ; The Royal Philharmonic Orchestra, dir. Sir Charles Mackerras&nbsp;** ; Georges Jouatte, t\u00e9nor&nbsp;; Chorale \u00c9mile Passani&nbsp;; Grand Orchestre de Radio Paris, dir. Jean Fournet&nbsp;*** ; Mack Harrell, baryton&nbsp;; NBC Symphony Orchestra, dir. Arturo Toscanini ; NBC Symphony Orchestra, dir. Arturo Toscanini ****.<br>4CD Membran 222593 Coll. \u00ab&nbsp;Designo&nbsp;\u00bb<br>Enregistr\u00e9 en 1995 *, 1994 **, 1943-1944 ***, 1947 ****.<\/td><\/tr><tr><td>&nbsp;<\/td><\/tr><\/tbody><\/table><\/figure>\n","protected":false},"excerpt":{"rendered":"<p>R\u00e9\u00e9ditions (tri alphab\u00e9tique) B\u00e9atrice et B\u00e9n\u00e9dict, Air (B\u00e9atrice) \u00ab&nbsp;Dieu&nbsp;! Que viens-je d\u2019entendre ?&nbsp;\u00bbIn&nbsp;:&nbsp;Plaisir d\u2019amour \u2013 A Celebration of the Art of Dame Janet Baker.London Symphony Orchestra, dir. Sir Colin Davis.2CD [&hellip;]<\/p>\n","protected":false},"author":1,"featured_media":3243,"parent":2846,"menu_order":0,"comment_status":"closed","ping_status":"closed","template":"","meta":{"footnotes":""},"class_list":["post-3446","page","type-page","status-publish","has-post-thumbnail","hentry"],"_links":{"self":[{"href":"https:\/\/www.berlioz-anhb.com\/index.php\/wp-json\/wp\/v2\/pages\/3446","targetHints":{"allow":["GET"]}}],"collection":[{"href":"https:\/\/www.berlioz-anhb.com\/index.php\/wp-json\/wp\/v2\/pages"}],"about":[{"href":"https:\/\/www.berlioz-anhb.com\/index.php\/wp-json\/wp\/v2\/types\/page"}],"author":[{"embeddable":true,"href":"https:\/\/www.berlioz-anhb.com\/index.php\/wp-json\/wp\/v2\/users\/1"}],"replies":[{"embeddable":true,"href":"https:\/\/www.berlioz-anhb.com\/index.php\/wp-json\/wp\/v2\/comments?post=3446"}],"version-history":[{"count":5,"href":"https:\/\/www.berlioz-anhb.com\/index.php\/wp-json\/wp\/v2\/pages\/3446\/revisions"}],"predecessor-version":[{"id":4359,"href":"https:\/\/www.berlioz-anhb.com\/index.php\/wp-json\/wp\/v2\/pages\/3446\/revisions\/4359"}],"up":[{"embeddable":true,"href":"https:\/\/www.berlioz-anhb.com\/index.php\/wp-json\/wp\/v2\/pages\/2846"}],"wp:featuredmedia":[{"embeddable":true,"href":"https:\/\/www.berlioz-anhb.com\/index.php\/wp-json\/wp\/v2\/media\/3243"}],"wp:attachment":[{"href":"https:\/\/www.berlioz-anhb.com\/index.php\/wp-json\/wp\/v2\/media?parent=3446"}],"curies":[{"name":"wp","href":"https:\/\/api.w.org\/{rel}","templated":true}]}}