{"id":3441,"date":"2024-08-08T18:58:09","date_gmt":"2024-08-08T16:58:09","guid":{"rendered":"http:\/\/obkgqww.cluster023.hosting.ovh.net\/?page_id=3441"},"modified":"2024-08-23T18:21:55","modified_gmt":"2024-08-23T16:21:55","slug":"enregistrements-anterieurs-a-2010","status":"publish","type":"page","link":"https:\/\/www.berlioz-anhb.com\/index.php\/mieux-connaitre-berlioz\/ecouter\/discographie-cumulative\/enregistrements-anterieurs-a-2010\/","title":{"rendered":"Enregistrements ant\u00e9rieurs \u00e0 2010"},"content":{"rendered":"\n<figure class=\"wp-block-table is-style-stripes\"><table><tbody><tr><td><\/td><\/tr><tr><td><strong><em>Benvenuto Cellini<\/em><\/strong><br>Gregory Kunde (Cellini), Laura Claycomb (Teresa), Darren Jeffery (Balducci), Peter Coleman-Wright ( Fieramosca), Andrew Kennedy (Francesco), Isabelle Cals (Ascanio), Jacques Imbrailo (Pompeo), John Relyea (Le pape Cl\u00e9ment VII), Andrew Foster-Williams (Bernardino), Alasdair Elliott (Cabaretier), London Symphony Chorus, London Symphony Orchestra, dir. Sir Colin Davis.<br>2 SACD LSO0623<br>Enregistr\u00e9 au Barbican, Londres, les 26 et 29 juin 2007.<\/td><\/tr><tr><td>&nbsp;<\/td><\/tr><tr><td><strong><em>Benvenuto Cellini<\/em><\/strong><br>Gregory Kunde, Benvenuto Cellini<br>Patrizia Ciofi, Teresa<br>Joyce di Donato, Ascanio<br>Jean-Fran\u00e7ois Lapointe, Fieramosca<br>Laurent Naouri, Balducci<br>Renaud Delaigue, Le Pape<br>Eric Salha, Francesco<br>Marc Mauillon, Barnardino<br>Eric Huchet, Le cabaretier<br>Ronan N\u00e9d\u00e9lec, PompeoChoeur de Radio France<br>Orchestre National de France<br><strong>John Nelson<\/strong><br>Enregistrement public les 8 et 11 d\u00e9cembre 2003 \u00e0 la Maison de la Radio, Paris<br>3 CD Virgin Classics 7 24354 57062 9 (2004)<\/td><\/tr><tr><td>&nbsp;<\/td><\/tr><tr><td><strong><em>Le Carnaval romain<\/em><\/strong><br>In\u00a0:\u00a0<em>Sergiu Celibidache in Berlin: The Early Years, 1945-1948<\/em>.<br>Berliner Philharmoniker, Berliner Rundfunkorchester.Avec\u00a0: Beethoven, Brahms, Strauss, Dvor\u00e1k, Britten, Prokofiev, Haydn, Debussy, Gli\u00e8re, Tcha\u00efkovski, Busoni.<br>4CD Music &amp; Arts CD-1079(4)<br>Enregistr\u00e9 le 19 avril 1947 (<em>Le Carnaval romain<\/em>).<\/td><\/tr><tr><td>&nbsp;<\/td><\/tr><tr><td><strong><em>Cl\u00e9op\u00e2tre<\/em><\/strong><br>In&nbsp;:&nbsp;<em>Royal Mezzo<\/em>. Jennifer Larmore, mezzo-soprano&nbsp;; Grand Park Orchestra, dir. Carlos Kalmar.Avec&nbsp;: Barber,&nbsp;<em>Andromache\u2019s Farewell&nbsp;<\/em>; Ravel,&nbsp;<em>Sh\u00e9h\u00e9razade&nbsp;<\/em>; Britten,&nbsp;<em>Phaedra<\/em>.CD Cedille CDR 90000 104<br>Enregistr\u00e9 en concert au Orchestra Hall, Chicago, les 4 et 5 ao\u00fbt 2006 (Barber et Berlioz) et au Harris Theater for Music and Dance in Millenium Park, Chicago, les 29 et 30 juin 2007 (Ravel et Britten).<\/td><\/tr><tr><td>&nbsp;<\/td><\/tr><tr><td><strong>S\u00e9r\u00e9nade de M\u00e9phistoph\u00e9l\u00e8s (<em>La Damnation de Faust<\/em>)<\/strong><br>In\u00a0:\u00a0<em>Mirco Palazzi\u00a0: recital di arie d\u2019opera e da camera<\/em>.<br>Mirco Palazzi, basse\u00a0; Hong Joo Hun, piano.Avec\u00a0: Handel,\u00a0Mozart,\u00a0Rossini,\u00a0Verdi,\u00a0Ravel,\u00a0Tosti, Donizetti, Schubert, Kern.<br>CD Bongiovanni GB 2557-2Enregistr\u00e9 sur le vif au Teatro delle Logge, Montecosaro, le 2 septembre 2007.Invocation de Faust \u00e0 la nature (<em><strong>La Damnation de Faust<\/strong><\/em>)In\u00a0:\u00a0<em>Jonas Kaufmann \u2013 Romantic Arias<\/em>.<br>Jonas Kaufmann, t\u00e9nor\u00a0; Jana Sibera, soprano\u00a0; Prague Philharmonic Orchestra, dir. Marco Armiliato.Avec\u00a0: Bizet, Flotow, Gounod, Massenet, Puccini, Verdi, Wagner, Weber.<br>CD Decca 475 9966DH<\/td><\/tr><tr><td>&nbsp;<\/td><\/tr><tr><td><strong>Air de M\u00e9phistoph\u00e9l\u00e8s \u00ab\u00a0Voici des roses\u00a0\u00bb (<em>La Damnation de Faust<\/em>)<\/strong><br>In\u00a0: Erwin Schrott. Arias by Mozart, Verdi, Berlioz, Gounod &amp; Meyerbeer.<br>Orquestra de la Comunitat Valenciana, dir. Riccardo Frizza.<br>CD Decca 4780473<\/td><\/tr><tr><td>&nbsp;<\/td><\/tr><tr><td><strong>Air de M\u00e9phistoph\u00e9l\u00e8s \u00ab&nbsp;Voici des roses&nbsp;\u00bb (<em>La Damnation de Faust<\/em>)<\/strong><br>In&nbsp;:&nbsp;<em>Ren\u00e9 Pape. Gods, Kings &amp; Demons<br><\/em>\u0152uvres de Berlioz, Boito, Dvor\u00e1k, Gounod, Offenbach, Moussorgski, Rubinstein, Verdi, Wagner<br>Staatskapelle Dresden, dir. Sebastian Weigle.<br>CD DG 477 6408<br>Enregistr\u00e9 en 2008.<\/td><\/tr><tr><td>&nbsp;<\/td><\/tr><tr><td><strong><em>L\u2019Enfance du Christ<\/em><\/strong><br>Ed Lyon, t\u00e9nor ; David Wilson-Johnson, basse ; Mireille Delunsch, soprano ; Masahi Tsuji, t\u00e9nor ; William Dazeley, basse ; Salzburger Bachchor ; Mozarteum Orchester Salzburg, dir. Ivor Bolton.<br>2CD Oehms OC 917<\/td><\/tr><tr><td>&nbsp;<\/td><\/tr><tr><td><strong><em>Symphonie fantastique<\/em><\/strong>,<strong>\u00a0<em>Cl\u00e9op\u00e2tre<\/em><\/strong><br>Susan Graham, mezzo-soprano\u00a0; Berliner Philharmoniker, dir. Sir Simon Rattle.<br>CD EMI Classics 21622403<br>Enregistr\u00e9 en 2007.<\/td><\/tr><tr><td>&nbsp;<\/td><\/tr><tr><td><strong><em>Symphonie fantastique<\/em><\/strong><br>Los Angeles Philharmonic, dir. Gustavo Dudamel.<br>CD Deutsche Grammophon 477 7822 Coll. \u00ab&nbsp;DG Concerts&nbsp;\u00bb<br>Enregistr\u00e9 en public au Walt Disney Concert Hall, Los Angeles, du 28 au 30 mars 2008.<strong><\/strong><strong><em><\/em><\/strong><\/td><\/tr><tr><td>&nbsp;<\/td><\/tr><tr><td><strong><em>Les Troyens<\/em><\/strong><br>Susan Graham, Didon<br>Anna Caterina Antonacci, Cassandre\/Clio<br>Renata Pokupic, Anna<br>Gregory Kunde, En\u00e9e<br>Ludovic T\u00e9zier, Chor\u00e8be<br>Nicolas Test\u00e9, Panth\u00e9e<br>Laurent Naouri, Narbal\/Le Grand Pr\u00eatre<br>Mark Padmore, Iopas<br>Ren\u00e9 Schirrer, Priam\/Mercure<br>St\u00e9phanie d\u2019Oustrac, Ascagne<br>Topi Lehtipuu, Hylas\/H\u00e9l\u00e9niusMonteverdi Choir<br>Choeur du Th\u00e9\u00e2tre du Ch\u00e2telet<br>Orchestre R\u00e9volutionnaire et Romantique<br><strong>John Eliot Gardiner<\/strong><br><br>Yannis Kokkos, mise en sc\u00e8ne, d\u00e9cors, costumes<br>Patrice Trottier, lumi\u00e8res<br>Richild Springer, chor\u00e9graphies<br><br>Enregistr\u00e9 au Ch\u00e2telet\u00a0 en octobre 2003<br>3 DVD Opus Arte\u00a0 \u2013 8 09478 00900 9 (2004)<\/td><\/tr><tr><td>&nbsp;<\/td><\/tr><tr><td><strong><em>Vocal Works with Orchestra<\/em><br><em>La Belle Voyageuse<\/em><\/strong>,\u00a0<strong><em>La Captive<\/em><\/strong>,\u00a0<strong><em>Le Jeune P\u00e2tre breton<\/em><\/strong>,\u00a0<strong><em>Za\u00efde<\/em><\/strong>,\u00a0<strong><em>Sara la baigneuse<\/em><\/strong>,\u00a0<strong><em>Tristia<\/em><\/strong>,\u00a0<strong><em>Chant sacr\u00e9<\/em><\/strong>,\u00a0<strong><em>H\u00e9l\u00e8ne<\/em><\/strong>,\u00a0<strong><em>Le Ballet des ombres<br><\/em><\/strong>Laura Aikin, soprano ; Lani Poulson, mezzo-soprano ; SWR Vokalensemble Stuttgart ; SWR Sinfonieorchester Baden-Baden und Freiburg, dir. Sylvain Cambreling.<br><br>CD H\u00e4nssler Classic 093.210.000<br>Enregistr\u00e9 en 2007.<\/td><\/tr><tr><td>&nbsp;<\/td><\/tr><\/tbody><\/table><\/figure>\n","protected":false},"excerpt":{"rendered":"<p>Benvenuto CelliniGregory Kunde (Cellini), Laura Claycomb (Teresa), Darren Jeffery (Balducci), Peter Coleman-Wright ( Fieramosca), Andrew Kennedy (Francesco), Isabelle Cals (Ascanio), Jacques Imbrailo (Pompeo), John Relyea (Le pape Cl\u00e9ment VII), Andrew [&hellip;]<\/p>\n","protected":false},"author":1,"featured_media":3243,"parent":2846,"menu_order":0,"comment_status":"closed","ping_status":"closed","template":"","meta":{"footnotes":""},"class_list":["post-3441","page","type-page","status-publish","has-post-thumbnail","hentry"],"_links":{"self":[{"href":"https:\/\/www.berlioz-anhb.com\/index.php\/wp-json\/wp\/v2\/pages\/3441","targetHints":{"allow":["GET"]}}],"collection":[{"href":"https:\/\/www.berlioz-anhb.com\/index.php\/wp-json\/wp\/v2\/pages"}],"about":[{"href":"https:\/\/www.berlioz-anhb.com\/index.php\/wp-json\/wp\/v2\/types\/page"}],"author":[{"embeddable":true,"href":"https:\/\/www.berlioz-anhb.com\/index.php\/wp-json\/wp\/v2\/users\/1"}],"replies":[{"embeddable":true,"href":"https:\/\/www.berlioz-anhb.com\/index.php\/wp-json\/wp\/v2\/comments?post=3441"}],"version-history":[{"count":2,"href":"https:\/\/www.berlioz-anhb.com\/index.php\/wp-json\/wp\/v2\/pages\/3441\/revisions"}],"predecessor-version":[{"id":3444,"href":"https:\/\/www.berlioz-anhb.com\/index.php\/wp-json\/wp\/v2\/pages\/3441\/revisions\/3444"}],"up":[{"embeddable":true,"href":"https:\/\/www.berlioz-anhb.com\/index.php\/wp-json\/wp\/v2\/pages\/2846"}],"wp:featuredmedia":[{"embeddable":true,"href":"https:\/\/www.berlioz-anhb.com\/index.php\/wp-json\/wp\/v2\/media\/3243"}],"wp:attachment":[{"href":"https:\/\/www.berlioz-anhb.com\/index.php\/wp-json\/wp\/v2\/media?parent=3441"}],"curies":[{"name":"wp","href":"https:\/\/api.w.org\/{rel}","templated":true}]}}