{"id":3412,"date":"2024-08-08T16:31:11","date_gmt":"2024-08-08T14:31:11","guid":{"rendered":"http:\/\/obkgqww.cluster023.hosting.ovh.net\/?page_id=3412"},"modified":"2026-03-07T18:52:10","modified_gmt":"2026-03-07T17:52:10","slug":"activites-de-lanhb","status":"publish","type":"page","link":"https:\/\/www.berlioz-anhb.com\/index.php\/lassociation\/activites-de-lanhb\/","title":{"rendered":"Activit\u00e9s de l&#8217;AnHB"},"content":{"rendered":"\n<h3 class=\"wp-block-heading\"><strong>Des publications<\/strong><\/h3>\n\n\n\n<p>L\u2019AnHB offre <strong>plusieurs publications par an<\/strong> \u00e0 ses adh\u00e9rents, invit\u00e9s \u00e0 y participer et s\u2019y exprimer :<\/p>\n\n\n\n<p>&#8211; le <strong><em><a href=\"http:\/\/obkgqww.cluster023.hosting.ovh.net\/index.php\/publications-de-lanhb\/bulletins-de-liaison\/\" data-type=\"page\" data-id=\"3876\">Bulletin de liaison<\/a><\/em><\/strong> (98 pages illustr\u00e9es), rassemble des articles historiques, musicologiques, esth\u00e9tiques ou anecdotiques sur des sujets originaux concernant l\u2019\u0153uvre et la vie de Berlioz.<\/p>\n\n\n\n<p>&#8211; <a href=\"http:\/\/obkgqww.cluster023.hosting.ovh.net\/index.php\/2024\/08\/04\/lelio-la-lettre-de-lanhb\/\" data-type=\"post\" data-id=\"3105\"><strong><em>L\u00e9lio<\/em><\/strong> <\/a>(140 pages) se penche sur le pr\u00e9sent (concerts, op\u00e9ras, festivals, livres, disques, colloques, pol\u00e9miques\u2026) et, \u00e0 travers ses <strong><em><a href=\"http:\/\/obkgqww.cluster023.hosting.ovh.net\/index.php\/publications-de-lanhb\/\">Bonnes Feuilles<\/a><\/em><\/strong>, r\u00e9active le pass\u00e9 en republiant des textes majeurs, oubli\u00e9s et souvent savoureux des XIX<sup>e<\/sup> et XX<sup>e<\/sup> si\u00e8cles.<\/p>\n\n\n\n<p>&#8211; chaque semestre, un court <strong><em><a href=\"http:\/\/obkgqww.cluster023.hosting.ovh.net\/index.php\/publications-de-lanhb\/\">Billet Berlioz<\/a><\/em><\/strong> \u00e9lectronique, en prise avec l\u2019actualit\u00e9, maintient la curiosit\u00e9 en \u00e9veil.<\/p>\n\n\n\n<p>Toutes ces publications sont consultables sur le site (voir la rubrique \u00ab&nbsp;<a href=\"http:\/\/obkgqww.cluster023.hosting.ovh.net\/index.php\/publications-de-lanhb\/\" data-type=\"page\" data-id=\"17\"><strong>Publications<\/strong><\/a>&nbsp;\u00bb)<\/p>\n\n\n\n<p>L&#8217;AnHB a \u00e9galement publi\u00e9 six <strong><em><a href=\"http:\/\/obkgqww.cluster023.hosting.ovh.net\/index.php\/publications-de-lanhb\/\">Cahiers Berlioz<\/a><\/em><\/strong>, dont le n\u00b0 4, le <strong><em><a href=\"http:\/\/obkgqww.cluster023.hosting.ovh.net\/index.php\/publications-de-lanhb\/\">Calendrier Berlioz<\/a><\/em><\/strong>, consultable sur le site, est en cours de r\u00e9vision et sera mis en ligne \u00e0 la fin de l\u2019ann\u00e9e 2025 sous le titre <em>Berlioz au jour le jour<\/em>.<\/p>\n\n\n\n<div style=\"height:100px\" aria-hidden=\"true\" class=\"wp-block-spacer\"><\/div>\n\n\n\n<hr class=\"wp-block-separator has-text-color has-cyan-bluish-gray-color has-alpha-channel-opacity has-cyan-bluish-gray-background-color has-background\"\/>\n\n\n\n<h3 class=\"wp-block-heading\"><strong>Des sorties<\/strong><\/h3>\n\n\n\n<p><\/p>\n\n\n\n<div class=\"wp-block-media-text is-stacked-on-mobile\" style=\"grid-template-columns:21% auto\"><figure class=\"wp-block-media-text__media\"><img decoding=\"async\" src=\"http:\/\/obkgqww.cluster023.hosting.ovh.net\/wp-content\/uploads\/2024\/12\/Dejeuner-a-la-ferme.jpg\" alt=\"\" class=\"wp-image-4093 size-full\"\/><\/figure><div class=\"wp-block-media-text__content\">\n<p>Elle propose aussi des <strong>sorties r\u00e9guli\u00e8res<\/strong>, comme les deux <strong>rassemblements annuels au cimeti\u00e8re Montmartre <\/strong>\u00e0 Paris destin\u00e9s \u00e0 fleurir la tombe de Berlioz le jour de sa naissance (11 d\u00e9cembre) et de sa disparition (8 mars), suivis d\u2019un d\u00e9jeuner amical dans le quartier, ou <strong>le buffet campagnard organis\u00e9 \u00e0 l\u2019occasion de l\u2019Assembl\u00e9e g\u00e9n\u00e9rale<\/strong> ordinaire qui a lieu en \u00e9t\u00e9 \u00e0 La C\u00f4te-Saint-Andr\u00e9 pendant le Festival Berlioz.<\/p>\n\n\n\n<p><\/p>\n<\/div><\/div>\n\n\n\n<p><\/p>\n\n\n\n<p>Parmi les <strong>sorties ponctuelles<\/strong>, on peut citer&nbsp;:<\/p>\n\n\n\n<div class=\"wp-block-group is-nowrap is-layout-flex wp-container-core-group-is-layout-ad2f72ca wp-block-group-is-layout-flex\">\n<div class=\"wp-block-group is-layout-grid wp-container-core-group-is-layout-baef362d wp-block-group-is-layout-grid\">\n<p class=\"has-text-align-left\">&#8211; une visite guid\u00e9e \u00ab&nbsp;sur les pas de Berlioz&nbsp;\u00bb, le<br>24 juin 2023, avec Christian Wasselin comme guide, en relation avec son ouvrage <strong><em>Le Paris de Berlioz<\/em><\/strong>. Sortie organis\u00e9e conjointement avec l\u2019association des Amis de Victor et Th\u00e9odore Pavie ;<\/p>\n\n\n\n<figure class=\"wp-block-gallery has-nested-images columns-default wp-block-gallery-1 is-layout-flex wp-block-gallery-is-layout-flex\"><div class=\"wp-block-image\">\n<figure class=\"aligncenter size-medium\"><img loading=\"lazy\" decoding=\"async\" width=\"300\" height=\"225\" data-id=\"3546\" src=\"http:\/\/obkgqww.cluster023.hosting.ovh.net\/wp-content\/uploads\/2024\/08\/Sur-les-pas-de-Berlioz-300x225.jpg\" alt=\"\" class=\"wp-image-3546\" srcset=\"https:\/\/www.berlioz-anhb.com\/wp-content\/uploads\/2024\/08\/Sur-les-pas-de-Berlioz-300x225.jpg 300w, https:\/\/www.berlioz-anhb.com\/wp-content\/uploads\/2024\/08\/Sur-les-pas-de-Berlioz-768x576.jpg 768w, https:\/\/www.berlioz-anhb.com\/wp-content\/uploads\/2024\/08\/Sur-les-pas-de-Berlioz.jpg 800w\" sizes=\"auto, (max-width: 300px) 100vw, 300px\" \/><\/figure>\n<\/div><\/figure>\n<\/div>\n<\/div>\n\n\n\n<p><\/p>\n\n\n\n<p>&#8211; une promenade dans le cimeti\u00e8re de Montmartre le 9 mars 2024, men\u00e9e par Jacqueline Lalouette, historienne, sp\u00e9cialiste des sculptures fun\u00e9raires&nbsp;;<\/p>\n\n\n\n<p>&#8211; des retrouvailles autour d\u2019une table pour f\u00eater le d\u00e9part \u00e0 la retraite r\u00e9cent de deux adh\u00e9rents qui furent tr\u00e8s actifs au sein de l\u2019AnHB pendant plusieurs dizaines d\u2019ann\u00e9es&nbsp;<strong><u>;<\/u><\/strong><\/p>\n\n\n\n<p>&#8211; un projet de voyage de trois jours \u00e0 Plombi\u00e8res, lieu de cure tr\u00e8s pris\u00e9 au XIXe si\u00e8cle, que Berlioz a visit\u00e9 et pour lequel il a \u00e9crit de savoureux articles.<\/p>\n\n\n\n<div style=\"height:100px\" aria-hidden=\"true\" class=\"wp-block-spacer\"><\/div>\n\n\n\n<hr class=\"wp-block-separator has-text-color has-cyan-bluish-gray-color has-alpha-channel-opacity has-cyan-bluish-gray-background-color has-background\"\/>\n\n\n\n<h3 class=\"wp-block-heading\"><strong>Autres projets<\/strong><\/h3>\n\n\n\n<p>Enfin, elle soutient des <strong>projets divers<\/strong>&nbsp;:<\/p>\n\n\n\n<p>&#8211; \u00e0 travers le legs de monsieur Yves Hugel \u00e0 l\u2019AnHB de 3&nbsp;000 microsillons, 500 cassettes et bandes magn\u00e9tiques, et une cinquantaine d\u2019ouvrages sur la musique, d\u00e9m\u00e9nagement, stockage, tri, puis vente d\u2019une partie des vinyles \u00e0 des revendeurs et particuliers, don \u00e0 la Biblioth\u00e8que nationale de France d\u2019une cinquantaine de vinyles qui n\u2019\u00e9taient pas \u00e0 son catalogue (disques russes, rares en France), don au mus\u00e9e Hector-Berlioz d\u2019une dizaine de vinyles de la <em>Symphonie fantastique<\/em>, pour compl\u00e9ter la r\u00e9cente acquisition de 900 enregistrements de cette \u0153uvre&nbsp;<strong>;<\/strong><\/p>\n\n\n\n<p>&#8211; enrichissement des collections du mus\u00e9e Hector-Berlioz par le don de lettres manuscrites achet\u00e9es dans ce but, d\u2019ouvrages, de disques&nbsp;<strong>;<\/strong><\/p>\n\n\n\n<p>&#8211; aide financi\u00e8re pour la publication d\u2019ouvrages<strong>.<\/strong><\/p>\n\n\n\n<div style=\"height:100px\" aria-hidden=\"true\" class=\"wp-block-spacer\"><\/div>\n\n\n\n<hr class=\"wp-block-separator has-text-color has-cyan-bluish-gray-color has-alpha-channel-opacity has-cyan-bluish-gray-background-color has-background\"\/>\n\n\n\n<h3 class=\"wp-block-heading\">Activit\u00e9s pass\u00e9es, pr\u00e9sentes et \u00e0 venir<\/h3>\n\n\n\n<p><\/p>\n\n\n\n<ul class=\"wp-block-list\">\n<li>\u00e9t\u00e9 2025, assembl\u00e9e g\u00e9n\u00e9rale de l&#8217;association \u00e0 La C\u00f4te-Saint-Andr\u00e9, puis d\u00e9jeuner \u00e0 la ferme Berlioz suivi d&#8217;une conf\u00e9rence sur le nouveau <em>Calendrier Berlioz<\/em> (rebaptis\u00e9 <em>Berlioz au jour le jour<\/em>).<\/li>\n\n\n\n<li>automne 2026 ou printemps 2027, voyage \u00e0 Plombi\u00e8res (\u00e0 confirmer).<\/li>\n\n\n\n<li>d\u00e9p\u00f4t d\u2019une gerbe sur la tombe de Berlioz le samedi 13 d\u00e9cembre 2025, \u00e0 l&#8217;occasion de l&#8217;anniversaire du compositeur, puis d\u00e9jeuner dans un restaurant proche du cimeti\u00e8re. Une gerbe a \u00e9t\u00e9 de nouveau d\u00e9pos\u00e9e le 7 mars 2026, \u00e0 l&#8217;occasion de l&#8217;anniversaire de sa mort ; une autre le sera le 12 d\u00e9cembre 2026.<\/li>\n\n\n\n<li>L&#8217;AnHB soutient la <a href=\"https:\/\/sax-dinant.be\/\">restauration de la tombe d&#8217;Adolphe Sax<\/a>, qui fut un ami de Berlioz.<\/li>\n<\/ul>\n\n\n\n<p><\/p>\n\n\n\n<p><\/p>\n\n\n\n<p><\/p>\n\n\n\n<p><\/p>\n","protected":false},"excerpt":{"rendered":"<p>Des publications L\u2019AnHB offre plusieurs publications par an \u00e0 ses adh\u00e9rents, invit\u00e9s \u00e0 y participer et s\u2019y exprimer : &#8211; le Bulletin de liaison (98 pages illustr\u00e9es), rassemble des articles [&hellip;]<\/p>\n","protected":false},"author":1,"featured_media":4280,"parent":14,"menu_order":0,"comment_status":"closed","ping_status":"closed","template":"","meta":{"footnotes":""},"class_list":["post-3412","page","type-page","status-publish","has-post-thumbnail","hentry"],"_links":{"self":[{"href":"https:\/\/www.berlioz-anhb.com\/index.php\/wp-json\/wp\/v2\/pages\/3412","targetHints":{"allow":["GET"]}}],"collection":[{"href":"https:\/\/www.berlioz-anhb.com\/index.php\/wp-json\/wp\/v2\/pages"}],"about":[{"href":"https:\/\/www.berlioz-anhb.com\/index.php\/wp-json\/wp\/v2\/types\/page"}],"author":[{"embeddable":true,"href":"https:\/\/www.berlioz-anhb.com\/index.php\/wp-json\/wp\/v2\/users\/1"}],"replies":[{"embeddable":true,"href":"https:\/\/www.berlioz-anhb.com\/index.php\/wp-json\/wp\/v2\/comments?post=3412"}],"version-history":[{"count":38,"href":"https:\/\/www.berlioz-anhb.com\/index.php\/wp-json\/wp\/v2\/pages\/3412\/revisions"}],"predecessor-version":[{"id":4763,"href":"https:\/\/www.berlioz-anhb.com\/index.php\/wp-json\/wp\/v2\/pages\/3412\/revisions\/4763"}],"up":[{"embeddable":true,"href":"https:\/\/www.berlioz-anhb.com\/index.php\/wp-json\/wp\/v2\/pages\/14"}],"wp:featuredmedia":[{"embeddable":true,"href":"https:\/\/www.berlioz-anhb.com\/index.php\/wp-json\/wp\/v2\/media\/4280"}],"wp:attachment":[{"href":"https:\/\/www.berlioz-anhb.com\/index.php\/wp-json\/wp\/v2\/media?parent=3412"}],"curies":[{"name":"wp","href":"https:\/\/api.w.org\/{rel}","templated":true}]}}