{"id":2832,"date":"2024-07-23T00:08:33","date_gmt":"2024-07-22T22:08:33","guid":{"rendered":"http:\/\/obkgqww.cluster023.hosting.ovh.net\/?page_id=2832"},"modified":"2025-01-11T10:31:28","modified_gmt":"2025-01-11T09:31:28","slug":"bibliographie-indicative","status":"publish","type":"page","link":"https:\/\/www.berlioz-anhb.com\/index.php\/mieux-connaitre-berlioz\/lire\/bibliographie-indicative\/","title":{"rendered":"Bibliographie indicative"},"content":{"rendered":"\n<h2 class=\"wp-block-heading\"><strong><em>Pour commencer&nbsp;<\/em><\/strong><\/h2>\n\n\n\n<figure class=\"wp-block-table is-style-stripes\"><table class=\"has-black-color has-text-color has-link-color has-fixed-layout\"><tbody><tr><td><\/td><\/tr><tr><td><br>Claude BALLIF, <em><strong>Berlioz<\/strong><\/em>. Seuil, 1977, 187&nbsp;p. (<em>Collections Microcosme. Solf\u00e8ges<\/em>), n\u00b0 29 <br>Le regard tr\u00e8s personnel d\u2019un compositeur du xx<sup>e<\/sup> si\u00e8cle sur un grand a\u00een\u00e9.<br><br>Henry BARRAUD, <em><strong>Hector Berlioz<\/strong><\/em>. Fayard, 1989<sup>2<\/sup>, 506&nbsp;p. (<em>Les Indispensables de la musique<\/em>) <br>Un livre militant marqu\u00e9 par l\u2019\u00e9poque de sa premi\u00e8re mouture (1955) o\u00f9 il fallait se justifier d\u2019aimer Berlioz en \u00e9mettant des r\u00e9serves.<br><br>David CAIRNS, <em><strong>Hector Berlioz<\/strong><\/em>. Traduit de l\u2019anglais. Fayard, 2002, 2 vol., 707&nbsp;p., 942&nbsp;p. <br>Pas d\u2019images, mais une somme d\u2019\u00e9rudition dispens\u00e9e d\u2019une plume l\u00e9g\u00e8re et sensible.<br><br>C\u00e9cile REYNAUD, <em><strong>Berlioz, 1803-1869<\/strong><\/em>. J.-P. Gisserot, 2000, 126&nbsp;p. (<em>Pour la musique<\/em>, 10) <br>Ou comment Berlioz est devenu Berlioz.&nbsp;<br><br>Christian WASSELIN, <em><strong>Berlioz&nbsp;: les deux ailes de l\u2019\u00e2me<\/strong><\/em>. Gallimard, 2002, 142&nbsp;p. (<em>D\u00e9couvertes Gallimard<\/em>, 51) <br>Pour une approche compl\u00e8te en un minimum de pages richement illustr\u00e9es.<br><\/td><\/tr><\/tbody><\/table><\/figure>\n\n\n\n<div style=\"height:100px\" aria-hidden=\"true\" class=\"wp-block-spacer\"><\/div>\n\n\n\n<h2 class=\"wp-block-heading\"><em><strong>Pour continuer&nbsp;<\/strong><\/em><\/h2>\n\n\n\n<figure class=\"wp-block-table is-style-stripes\"><table class=\"has-fixed-layout\"><tbody><tr><td><\/td><\/tr><tr><td><br>Pierre CITRON, Alain REYNAUD, <a href=\"https:\/\/www.berlioz-anhb.com\/documents\/calendrierberlioz.docx\" target=\"_blank\" rel=\"noreferrer noopener\"><em><strong>Calendrier Berlioz<\/strong><\/em> (<em>Cahier Berlioz<\/em> n\u00b0 4)<\/a>. Association nationale Hector Berlioz, 2000. <strong>Ce calendrier est t\u00e9l\u00e9chargeable dans la rubrique \u00ab&nbsp;<a href=\"http:\/\/obkgqww.cluster023.hosting.ovh.net\/index.php\/publications-de-lanhb\/\" data-type=\"page\" data-id=\"17\">Publications de l\u2019AnHB&nbsp;<\/a>\u00bb du site.<\/strong> <br>Pour suivre, au jour le jour, la vie tr\u00e9pidante d\u2019Hector Berlioz.<br><br>Pierre CITRON <em>et al.<\/em> (dir.), <em><strong>Dictionnaire Berlioz<\/strong><\/em>. Fayard, 2003, 613&nbsp;p. <br>Sur les \u0153uvres de Berlioz, ses amis, ses proches, ses contemporains, les institutions, le fruit des recherches les plus avanc\u00e9es.<br><br>Catherine MASSIP, C\u00e9cile Reynaud (dir.), <em><strong>Berlioz, la voix du romantisme<\/strong><\/em>. Catalogue de l\u2019exposition, Paris, Biblioth\u00e8que nationale de France, 2003. BnF \/ Fayard, 2003, 263&nbsp;p. <br>Le bicentenaire de la naissance de Berlioz a \u00e9t\u00e9 marqu\u00e9 par plusieurs manifestations et colloques r\u00e9unissant des sp\u00e9cialistes internationaux. Ce collectif, comme le suivant, t\u00e9moigne de la vaste \u00e9tendue du sujet.&nbsp;<br><br>Alban RAMAUT (dir.), <em><strong>Hector Berlioz : regards sur un Dauphinois fantastique<\/strong><\/em>. Actes du colloque des 16, 17, 18 octobre 2003, Grenoble, La C\u00f4te-Saint-Andr\u00e9. Publications de l\u2019Universit\u00e9 de Saint-\u00c9tienne, 2005, 306&nbsp;p. (<em>Musicologie<\/em>)<br><br>Christian WASSELIN, Pierre-Ren\u00e9 Serna<em> (dir.),<strong> Hector Berlioz<\/strong><\/em>. \u00c9ditions de l\u2019Herne, 2003, 394 p. (<em>L\u2019Herne<\/em>, 77) <br>Une approche transversale \u2013&nbsp;esth\u00e9tique, biographique, technique, sociologique&nbsp;\u2013 par vingt-deux auteurs passionn\u00e9s de tous horizons.<br><br><em><strong>Benvenuto Cellini<\/strong><\/em>, <em>L\u2019Avant-Sc\u00e8ne Op\u00e9ra<\/em>, n\u00b0&nbsp;142 (1991)<br><br><em><strong>La Damnation de Faust<\/strong><\/em>. <em>L\u2019Avant-Sc\u00e8ne Op\u00e9ra<\/em>, n\u00b0&nbsp;22 (1979)&nbsp;; voir aussi \u00ab&nbsp;La Trilogie du Diable&nbsp;: <em>Le Freisch\u00fctz,<\/em> <em>La Damnation de Faust<\/em>, <em>Les Contes d\u2019Hoffman<\/em>, 2008&nbsp;\u00bb. In&nbsp;: <em>L\u2019Avant-Sc\u00e8ne Op\u00e9ra<\/em> [<em>Olivier Py. Op\u00e9ra et mise en sc\u00e8ne<\/em>], n\u00b0&nbsp;275 (2013) et \u00ab&nbsp;En sc\u00e8ne&nbsp;! La <em>Damnation de Faust<\/em>&nbsp;\u00bb. In&nbsp;: <em>L\u2019Avant-Sc\u00e8ne Op\u00e9ra<\/em> [<em>L\u2019Op\u00e9ra de Monte-Carlo<\/em>], n\u00b0&nbsp;331 (2022)<br><br><em><strong>Les Troyens<\/strong><\/em>. <em>L\u2019Avant-Sc\u00e8ne Op\u00e9ra<\/em>, n\u00b0&nbsp;128-129 (1990)&nbsp;; n\u00b0&nbsp;308 (2019)<br><br><em><strong>B\u00e9atrice et B\u00e9n\u00e9dict<\/strong><\/em>. <em>L\u2019Avant-Sc\u00e8ne Op\u00e9ra<\/em>, n\u00b0&nbsp;214 (2003) <br>Quatre num\u00e9ros sp\u00e9ciaux consacr\u00e9s \u00e0 une \u0153uvre lyrique&nbsp;: gen\u00e8se et r\u00e9ception, livret, guide d\u2019\u00e9coute analytique, approches transversales, bibliographie, discographie compar\u00e9e.<\/td><\/tr><\/tbody><\/table><\/figure>\n\n\n\n<div style=\"height:100px\" aria-hidden=\"true\" class=\"wp-block-spacer\"><\/div>\n\n\n\n<h2 class=\"wp-block-heading\"><strong><em>Ouvrages en anglais&nbsp;<\/em><\/strong><\/h2>\n\n\n\n<figure class=\"wp-block-table is-style-stripes\"><table class=\"has-fixed-layout\"><tbody><tr><td><\/td><\/tr><tr><td><br>Jacques BARZUN, <em><strong>Berlioz and the Romantic Century<\/strong><\/em>. New York, Columbia University Press, 1969<sup>3<\/sup>, 2 vol., xxii\/573&nbsp;p.&nbsp;; 515&nbsp;p. <br>La qu\u00eate visionnaire et tr\u00e8s personnelle d\u2019un philosophe inspir\u00e9 par la singularit\u00e9 du g\u00e9nie berliozien.<br><br>Gunther BRAAM, <em><strong>The Portraits of Hector Berlioz<\/strong><\/em>. New Edition of the Complete Works, vol. 26. Kassel, B\u00e4renreiter, 2003, 2 vol., xxvii\/401&nbsp;p.&nbsp;; 205&nbsp;p. <br>Une superbe anthologie raisonn\u00e9e de tous les portraits de Berlioz.<br><br>Hugh MACDONALD, <em><strong>Berlioz<\/strong><\/em>. London, Dent, 1982, 261&nbsp;p. (<em>The Master Musicians Series<\/em>) <br>Incomparable connaisseur du xix<sup>e<\/sup> si\u00e8cle fran\u00e7ais, l\u2019auteur met son \u00e9rudition au service de celui qui le domine&nbsp;: Hector Berlioz.<br><\/td><\/tr><\/tbody><\/table><\/figure>\n","protected":false},"excerpt":{"rendered":"<p>Pour commencer&nbsp; Claude BALLIF, Berlioz. Seuil, 1977, 187&nbsp;p. (Collections Microcosme. Solf\u00e8ges), n\u00b0 29 Le regard tr\u00e8s personnel d\u2019un compositeur du xxe si\u00e8cle sur un grand a\u00een\u00e9. Henry BARRAUD, Hector Berlioz. [&hellip;]<\/p>\n","protected":false},"author":1,"featured_media":3243,"parent":2815,"menu_order":0,"comment_status":"closed","ping_status":"closed","template":"","meta":{"footnotes":""},"class_list":["post-2832","page","type-page","status-publish","has-post-thumbnail","hentry"],"_links":{"self":[{"href":"https:\/\/www.berlioz-anhb.com\/index.php\/wp-json\/wp\/v2\/pages\/2832","targetHints":{"allow":["GET"]}}],"collection":[{"href":"https:\/\/www.berlioz-anhb.com\/index.php\/wp-json\/wp\/v2\/pages"}],"about":[{"href":"https:\/\/www.berlioz-anhb.com\/index.php\/wp-json\/wp\/v2\/types\/page"}],"author":[{"embeddable":true,"href":"https:\/\/www.berlioz-anhb.com\/index.php\/wp-json\/wp\/v2\/users\/1"}],"replies":[{"embeddable":true,"href":"https:\/\/www.berlioz-anhb.com\/index.php\/wp-json\/wp\/v2\/comments?post=2832"}],"version-history":[{"count":9,"href":"https:\/\/www.berlioz-anhb.com\/index.php\/wp-json\/wp\/v2\/pages\/2832\/revisions"}],"predecessor-version":[{"id":4343,"href":"https:\/\/www.berlioz-anhb.com\/index.php\/wp-json\/wp\/v2\/pages\/2832\/revisions\/4343"}],"up":[{"embeddable":true,"href":"https:\/\/www.berlioz-anhb.com\/index.php\/wp-json\/wp\/v2\/pages\/2815"}],"wp:featuredmedia":[{"embeddable":true,"href":"https:\/\/www.berlioz-anhb.com\/index.php\/wp-json\/wp\/v2\/media\/3243"}],"wp:attachment":[{"href":"https:\/\/www.berlioz-anhb.com\/index.php\/wp-json\/wp\/v2\/media?parent=2832"}],"curies":[{"name":"wp","href":"https:\/\/api.w.org\/{rel}","templated":true}]}}