{"id":2824,"date":"2024-07-22T23:49:50","date_gmt":"2024-07-22T21:49:50","guid":{"rendered":"http:\/\/obkgqww.cluster023.hosting.ovh.net\/?page_id=2824"},"modified":"2025-12-30T21:33:25","modified_gmt":"2025-12-30T20:33:25","slug":"voir","status":"publish","type":"page","link":"https:\/\/www.berlioz-anhb.com\/index.php\/mieux-connaitre-berlioz\/voir\/","title":{"rendered":"Voir"},"content":{"rendered":"\n<h3 class=\"wp-block-heading\"><strong>Iconographie<\/strong><\/h3>\n\n\n\n<figure class=\"wp-block-table is-style-stripes\"><table><tbody><tr><td colspan=\"2\"><\/td><\/tr><tr><td colspan=\"2\"><strong><em>Berlioz, la voix du romantisme\u00a0<\/em><\/strong>(exposition virtuelle de la Biblioth\u00e8que nationale de France)<\/td><\/tr><tr><td colspan=\"2\">&nbsp;<\/td><\/tr><tr><td colspan=\"2\">ACC\u00c9DER \u00c0 l&#8217;EXPOSITION&nbsp;:<br><a href=\"http:\/\/expositions.bnf.fr\/berlioz\/index.htm\" target=\"_blank\" rel=\"noreferrer noopener\">http:\/\/expositions.bnf.fr\/berlioz\/index.htm<\/a><\/td><\/tr><tr><td colspan=\"2\">&nbsp;<\/td><\/tr><tr><td colspan=\"2\"><strong>Portraits et caricatures d&#8217;Hector Berlioz<\/strong><\/td><\/tr><tr><td colspan=\"2\">&nbsp;<\/td><\/tr><tr><td colspan=\"2\">Charles Baugniet,&nbsp;<strong><em>Hector Berlioz&nbsp;<\/em><\/strong>(lithographie)<br><a href=\"https:\/\/gallica.bnf.fr\/ark:\/12148\/btv1b8454328s\" target=\"_blank\" rel=\"noreferrer noopener\">https:\/\/gallica.bnf.fr\/ark:\/12148\/btv1b8454328s<\/a>&nbsp;<br><br>\u00c9tienne Carjat,&nbsp;<strong><em>Portrait-charge d&#8217;Hector Berlioz&nbsp;<\/em><\/strong>(dessin)<br><a href=\"http:\/\/expositions.bnf.fr\/berlioz\/expo\/grand\/127.htm\" target=\"_blank\" rel=\"noreferrer noopener\">http:\/\/expositions.bnf.fr\/berlioz\/expo\/grand\/127.htm<\/a>&nbsp;<br><br>Cham,&nbsp;<strong><em>Le Tannhauser demandant \u00e0 voir son petit fr\u00e8re&nbsp;<\/em><\/strong>(lithographie)<br><a href=\"https:\/\/gallica.bnf.fr\/ark:\/12148\/btv1b84542271\/f1.item.langEN\" target=\"_blank\" rel=\"noreferrer noopener\">https:\/\/gallica.bnf.fr\/ark:\/12148\/btv1b84542271\/f1.item.langEN<\/a>&nbsp;<br><br>Fran\u00e7ois Joseph Heim,&nbsp;<em><strong>Portrait d&#8217;Hector Berlioz en habit d&#8217;acad\u00e9micien<\/strong>&nbsp;<\/em>(dessin)<br><a href=\"http:\/\/expositions.bnf.fr\/berlioz\/grand\/107.htm\" target=\"_blank\" rel=\"noreferrer noopener\">http:\/\/expositions.bnf.fr\/berlioz\/grand\/107.htm<\/a>&nbsp;<br><br>Josef Kriehuber,&nbsp;<strong><em>Franz Liszt au piano, entour\u00e9 de Kriehuber, Berlioz, Czerny, Ernst&nbsp;<\/em><\/strong>(lithographie)<br><a href=\"https:\/\/gallica.bnf.fr\/ark:\/12148\/btv1b84265236\" target=\"_blank\" rel=\"noreferrer noopener\">https:\/\/gallica.bnf.fr\/ark:\/12148\/btv1b84265236<\/a>&nbsp;<br><br>Nadar,&nbsp;<em><strong>Berlioz&nbsp;<\/strong><\/em>(\u00e9preuve)<br><a href=\"http:\/\/www.musee-orsay.fr\/fr\/collections\/oeuvres-commentees\/peinture.html?no_cache=1&amp;zoom=1&amp;tx_damzoom_pi1%5BshowUid%5D=119923\" target=\"_blank\" rel=\"noreferrer noopener\">www.musee-orsay.fr\/fr\/collections\/oeuvres-commentees\/peinture.html?no_cache=1&amp;zoom=1&amp;tx_damzoom_pi1%5BshowUid%5D=119923<\/a>&nbsp;<br><br>Nadar,&nbsp;<em><strong>Portrait-charge d&#8217;Hector Berlioz<\/strong>&nbsp;<\/em>(lithographie)<br><a href=\"http:\/\/expositions.bnf.fr\/berlioz\/borne\/caricature\/01.htm\" target=\"_blank\" rel=\"noreferrer noopener\">http:\/\/expositions.bnf.fr\/berlioz\/borne\/caricature\/01.htm<\/a>&nbsp;<br><br>Pierre Petit,&nbsp;<em><strong>Hector Berlioz&nbsp;<\/strong><\/em>(photographie)<br><a href=\"http:\/\/gallica.bnf.fr\/ark:\/12148\/btv1b8454330v.r=Pierre+Petit+photographie.langFR\" target=\"_blank\" rel=\"noreferrer noopener\">http:\/\/gallica.bnf.fr\/ark:\/12148\/btv1b8454330v.r=Pierre+Petit+photographie.langFR<\/a>&nbsp;<br><br>Charles Reutlinger,&nbsp;<em><strong>Hector Berlioz<\/strong>&nbsp;<\/em>(photographie)<br><a href=\"http:\/\/gallica.bnf.fr\/ark:\/12148\/btv1b84542130\/f1.item.hl\" target=\"_blank\" rel=\"noreferrer noopener\">http:\/\/gallica.bnf.fr\/ark:\/12148\/btv1b84542130\/f1.item.hl<\/a><\/td><\/tr><tr><td colspan=\"2\">&nbsp;<\/td><\/tr><tr><td colspan=\"2\"><mark style=\"background-color:rgba(0, 0, 0, 0)\" class=\"has-inline-color has-luminous-vivid-orange-color\">\u00a0<\/mark>Gustave Courbet,\u00a0<strong><em>Hector Berlioz\u00a0<\/em><\/strong>(mus\u00e9e d&#8217;Orsay)<\/td><\/tr><tr><td colspan=\"2\">&nbsp;<\/td><\/tr><tr><td colspan=\"2\">ACC\u00c9DER \u00c0 LA REPRODUCTION ET AU COMMENTAIRE :<br><a href=\"https:\/\/www.musee-orsay.fr\/fr\/collections\/oeuvres-commentees\/recherche\/commentaire_id\/hector-berlioz-20481.html\" target=\"_blank\" rel=\"noreferrer noopener\">www.musee-orsay.fr\/fr\/collections\/oeuvres-commentees\/recherche\/commentaire_id\/hector-berlioz-20481.html<\/a><br>English version:<br><a href=\"http:\/\/www.musee-orsay.fr\/en\/collections\/works-in-focus\/painting\/commentaire_id\/hector-berlioz-20485.html?tx_commentaire_pi1%5BpidLi%5D=509&amp;tx_commentaire_pi1%5Bfrom%5D=841&amp;cHash=fdb9069d12\" target=\"_blank\" rel=\"noreferrer noopener\">www.musee-orsay.fr\/en\/collections\/works-in-focus\/painting\/commentaire_id\/hector-berlioz-20485.html?tx_commentaire_pi1%5BpidLi%5D=509&amp;tx_commentaire_pi1%5Bfrom%5D=841&amp;cHash=fdb9069d12<\/a><\/td><\/tr><tr><td colspan=\"2\">&nbsp;<\/td><\/tr><tr><td colspan=\"2\"><strong>Berlioz en voyage<\/strong><\/td><\/tr><tr><td><\/td><\/tr><tr><td colspan=\"2\"><a href=\"http:\/\/classes.bnf.fr\/rendezvous\/pdf\/Berlioz3.pdf\" target=\"_blank\" rel=\"noreferrer noopener\">http:\/\/classes.bnf.fr\/rendezvous\/pdf\/Berlioz3.pdf<\/a><br><br><\/td><\/tr><\/tbody><\/table><\/figure>\n","protected":false},"excerpt":{"rendered":"<p>Iconographie Berlioz, la voix du romantisme\u00a0(exposition virtuelle de la Biblioth\u00e8que nationale de France) &nbsp; ACC\u00c9DER \u00c0 l&#8217;EXPOSITION&nbsp;:http:\/\/expositions.bnf.fr\/berlioz\/index.htm &nbsp; Portraits et caricatures d&#8217;Hector Berlioz &nbsp; Charles Baugniet,&nbsp;Hector Berlioz&nbsp;(lithographie)https:\/\/gallica.bnf.fr\/ark:\/12148\/btv1b8454328s&nbsp; \u00c9tienne Carjat,&nbsp;Portrait-charge d&#8217;Hector [&hellip;]<\/p>\n","protected":false},"author":1,"featured_media":3243,"parent":16,"menu_order":0,"comment_status":"closed","ping_status":"closed","template":"","meta":{"footnotes":""},"class_list":["post-2824","page","type-page","status-publish","has-post-thumbnail","hentry"],"_links":{"self":[{"href":"https:\/\/www.berlioz-anhb.com\/index.php\/wp-json\/wp\/v2\/pages\/2824","targetHints":{"allow":["GET"]}}],"collection":[{"href":"https:\/\/www.berlioz-anhb.com\/index.php\/wp-json\/wp\/v2\/pages"}],"about":[{"href":"https:\/\/www.berlioz-anhb.com\/index.php\/wp-json\/wp\/v2\/types\/page"}],"author":[{"embeddable":true,"href":"https:\/\/www.berlioz-anhb.com\/index.php\/wp-json\/wp\/v2\/users\/1"}],"replies":[{"embeddable":true,"href":"https:\/\/www.berlioz-anhb.com\/index.php\/wp-json\/wp\/v2\/comments?post=2824"}],"version-history":[{"count":11,"href":"https:\/\/www.berlioz-anhb.com\/index.php\/wp-json\/wp\/v2\/pages\/2824\/revisions"}],"predecessor-version":[{"id":4720,"href":"https:\/\/www.berlioz-anhb.com\/index.php\/wp-json\/wp\/v2\/pages\/2824\/revisions\/4720"}],"up":[{"embeddable":true,"href":"https:\/\/www.berlioz-anhb.com\/index.php\/wp-json\/wp\/v2\/pages\/16"}],"wp:featuredmedia":[{"embeddable":true,"href":"https:\/\/www.berlioz-anhb.com\/index.php\/wp-json\/wp\/v2\/media\/3243"}],"wp:attachment":[{"href":"https:\/\/www.berlioz-anhb.com\/index.php\/wp-json\/wp\/v2\/media?parent=2824"}],"curies":[{"name":"wp","href":"https:\/\/api.w.org\/{rel}","templated":true}]}}