{"id":2822,"date":"2024-07-22T23:48:41","date_gmt":"2024-07-22T21:48:41","guid":{"rendered":"http:\/\/obkgqww.cluster023.hosting.ovh.net\/?page_id=2822"},"modified":"2025-10-27T18:43:34","modified_gmt":"2025-10-27T17:43:34","slug":"ecouter","status":"publish","type":"page","link":"https:\/\/www.berlioz-anhb.com\/index.php\/mieux-connaitre-berlioz\/ecouter\/","title":{"rendered":"\u00c9couter (page en cours d&#8217;actualisation)"},"content":{"rendered":"\n<figure class=\"wp-block-table is-style-stripes\"><table class=\"has-fixed-layout\"><tbody><tr><td colspan=\"2\"><strong><mark style=\"background-color:rgba(0, 0, 0, 0)\" class=\"has-inline-color has-vivid-red-color\">\u0152uvres musicales<\/mark><\/strong><\/td><\/tr><tr><td colspan=\"2\">Un vaste choix d&#8217;\u0153uvres musicales d&#8217;Hector Berlioz est en \u00e9coute libre dans le site YouTube\u00a0:<br><a href=\"http:\/\/www.youtube.com\/results?search_query=Berlioz&amp;oq=Berlioz&amp;gs_l=youtube.12...0.0.1.158.0.0.0.0.0.0.0.0..0.0...0.0...1ac.aEVVxl6T0aA\" target=\"_blank\" rel=\"noreferrer noopener\">www.youtube.com\/results?search_query=Berlioz&amp;oq=Berlioz&amp;gs_l=youtube.12&#8230;0.0.1.158.0.0.0.0.0.0.0.0..0.0&#8230;0.0&#8230;1ac.aEVVxl6T0aA<\/a><\/td><\/tr><tr><td colspan=\"2\">&nbsp;<\/td><\/tr><tr><td colspan=\"2\"><strong><em>Messe solennelle<\/em>, Resurrexit<\/strong><\/td><\/tr><tr><td colspan=\"2\">&nbsp;<\/td><\/tr><tr><td colspan=\"2\">Monteverdi Choir<br>Orchestre R\u00e9volutionnaire et Romantique<br>Sir John Eliot Gardiner, direction<br><br>Londres, Westminster Cathedral, octobre 1993<br><a href=\"https:\/\/www.youtube.com\/watch?time_continue=470&amp;v=K-RX0XtBBnw\">https:\/\/www.youtube.com\/watch?time_continue=470&amp;v=K-RX0XtBBnw<\/a><\/td><\/tr><tr><td colspan=\"2\">&nbsp;<\/td><\/tr><tr><td colspan=\"2\"><strong><em>Benvenuto Cellini<\/em><\/strong><\/td><\/tr><tr><td colspan=\"2\">&nbsp;<\/td><\/tr><tr><td colspan=\"2\">Monteverdi Choir<br>Orchestre R\u00e9volutionnaire et Romantique<br>Sir John Eliot Gardiner, direction<br><br>Op\u00e9ra Royal du Ch\u00e2teau de Versailles, 8 septembre 2019<br><a href=\"https:\/\/www.youtube.com\/watch?v=x4P5WA_VGcI\">https:\/\/www.youtube.com\/watch?v=x4P5WA_VGcI<\/a><\/td><\/tr><tr><td colspan=\"2\">&nbsp;<\/td><\/tr><tr><td colspan=\"2\"><strong><em>Le Carnaval romain<\/em><\/strong><\/td><\/tr><tr><td colspan=\"2\">&nbsp;<\/td><\/tr><tr><td colspan=\"2\">San Francisco Symphony Orchestra<br>Pierre Monteux, direction<br><a href=\"http:\/\/www.youtube.com\/watch?v=G1yfwRicrNw\" target=\"_blank\" rel=\"noreferrer noopener\">www.youtube.com\/watch?v=G1yfwRicrNw<\/a><\/td><\/tr><tr><td colspan=\"2\">&nbsp;<\/td><\/tr><tr><td colspan=\"2\"><strong><em>L&#8217;Enfance du Christ<\/em>. Extrait<\/strong><\/td><\/tr><tr><td colspan=\"2\">&nbsp;<\/td><\/tr><tr><td colspan=\"2\">Marie-Claude Chappuis,<strong>&nbsp;<\/strong>contralto<br>Olivier Lallouette,<strong>&nbsp;<\/strong>baryton<br>Renaud Delaigue,<strong>&nbsp;<\/strong>basse<br>John Tessier, t\u00e9nor<br>Fr\u00e9d\u00e9ric Caton,<strong>&nbsp;<\/strong>baryton-basse<br>Olivier Naveau,<strong>&nbsp;<\/strong>basse<br>Svetlin Chaumien,<strong>&nbsp;<\/strong>t\u00e9nor<br><br>Ch\u0153urs \u00c9melth\u00e9e<br>Ch\u0153urs de Lyon &#8211; Bernard T\u00e9tu<br>Orchestre national de Lyon<br>Serge Baudo, direction<br><br>Auditorium de Lyon<br>16 d\u00e9cembre 2010<br><br>\u00c9COUTER UN EXTRAIT&nbsp;:<br><a href=\"http:\/\/fr.medici.tv\/#!\/serge-baudo-berlioz-enfance-du-christ\" target=\"_blank\" rel=\"noreferrer noopener\">http:\/\/fr.medici.tv\/#!\/serge-baudo-berlioz-enfance-du-christ<\/a><\/td><\/tr><tr><td colspan=\"2\">&nbsp;<\/td><\/tr><tr><td colspan=\"2\"><strong><em>Les Nuits d&#8217;\u00e9t\u00e9<\/em><\/strong>, Le Spectre de la rose (extrait)<\/td><\/tr><tr><td colspan=\"2\">&nbsp;<\/td><\/tr><tr><td colspan=\"2\">R\u00e9gine Crespin, mezzo-soprano<br><a href=\"http:\/\/fr.medici.tv\/#!\/regine-crespin-berlioz-les-nuits-dete-schubert-ravel-faure-poulenc\" target=\"_blank\" rel=\"noreferrer noopener\">http:\/\/fr.medici.tv\/#!\/regine-crespin-berlioz-les-nuits-dete-schubert-ravel-faure-poulenc<\/a><\/td><\/tr><tr><td colspan=\"2\">&nbsp;<\/td><\/tr><tr><td colspan=\"2\"><strong><em>Grande Symphonie fun\u00e8bre et triomphale<\/em><\/strong><\/td><\/tr><tr><td colspan=\"2\">&nbsp;<\/td><\/tr><tr><td colspan=\"2\">Valery Khalilov<br><a href=\"http:\/\/orientem.blogspot.com\/2011\/03\/hector-berliozs-grande-symphonie.html\" target=\"_blank\" rel=\"noreferrer noopener\">http:\/\/orientem.blogspot.com\/2011\/03\/hector-berliozs-grande-symphonie.html<\/a><\/td><\/tr><tr><td colspan=\"2\">&nbsp;<\/td><\/tr><tr><td colspan=\"2\"><strong><em>La Damnation de Faust<\/em><\/strong><\/td><\/tr><tr><td colspan=\"2\">&nbsp;<\/td><\/tr><tr><td colspan=\"2\">Michael Spyres (Faust)<br>Laurent Naouri (M\u00e9phistoph\u00e9l\u00e8s)<br>Ashley Riches (Brander)<br>Ann Hallenberg (Marguerite)<br>Trinity Boys Choir<br>Monteverdi Choir<br>National Youth Choir of Scotland<strong><br><\/strong>Orchestre R\u00e9volutionnaire et Romantique<strong><br><\/strong>Sir John Eliot Gardiner, direction<br><br>Londres, Royal Albert Hall, 8 ao\u00fbt 2017<br><a href=\"https:\/\/www.youtube.com\/watch?v=2_KV9ceu0LM\">https:\/\/www.youtube.com\/watch?v=2_KV9ceu0LM<\/a><\/td><\/tr><tr><td colspan=\"2\">&nbsp;<\/td><\/tr><tr><td colspan=\"2\"><em><strong>Te Deum<\/strong><\/em><\/td><\/tr><tr><td colspan=\"2\">&nbsp;<\/td><\/tr><tr><td colspan=\"2\">Orchestre de Paris<br>Bertrand de Billy, direction<br>Johan Botha, t\u00e9nor<br>Ch\u0153ur de l&#8217;Orchestre de Paris<br>Ch\u0153ur d&#8217;enfants et Ch\u0153ur de jeunes de l&#8217;Orchestre de Paris<br>Edwin Baudo, Marie Deremble-Wauquiez, Marie Joubinaux, B\u00e9atrice Warcollier, chefs de ch\u0153ur associ\u00e9s<br>Lionel Sow, chef de ch\u0153ur<br><br><a href=\"http:\/\/culturebox.francetvinfo.fr\/opera-classique\/musique-classique\/concert-des-40-ans-du-choeur-de-l-orchestre-de-paris-251191\">http:\/\/culturebox.francetvinfo.fr\/opera-classique\/musique-classique\/concert-des-40-ans-du-choeur-de-l-orchestre-de-paris-251191<\/a>&nbsp;<\/td><\/tr><tr><td colspan=\"2\">&nbsp;<\/td><\/tr><tr><td colspan=\"2\"><em><strong>Les Troyens<\/strong><\/em><\/td><\/tr><tr><td colspan=\"2\">&nbsp;<\/td><\/tr><tr><td colspan=\"2\"><strong>Antonio Pappano<\/strong>, direction<br><strong>Orchestra del Teatro alla Scala di Milano<\/strong><br><strong>Coro del Teatro alla Scala di MilanoGregory Kunde<\/strong>&nbsp;(\u00c9n\u00e9e)<br><strong>Fabio Capitanucci<\/strong>&nbsp;(Chor\u00e8be)<br><strong>Alexandre Duhamel<\/strong>&nbsp;(Panth\u00e9e)<br><strong>Giacomo Prestia<\/strong>&nbsp;(Narbal)<br><strong>Shalva Mukeria<\/strong>&nbsp;(I\u00f6pas)<br><strong>Paola Gardina&nbsp;<\/strong>(Ascagne)<br><strong>Anna Caterina Antonacci<\/strong>&nbsp;(Cassandre)<br><strong>Daniela Barcellona<\/strong>&nbsp;(Didon)<br><strong>Maria Radner<\/strong>&nbsp;(Anna)<br><strong>Paolo Fanale<\/strong>&nbsp;(Hylas)<br><strong>Mario Luperi<\/strong>&nbsp;(Priam)<br><strong>Ernesto Panariello<\/strong>&nbsp;(un chef grec)<br><strong>Deyan Vatchkov<\/strong>&nbsp;(l&#8217;ombre d&#8217;Hector)<br><strong>Oreste Cosimo<\/strong>&nbsp;(Helenus)<br><strong>Guillermo Esteban Bussolini<\/strong>,&nbsp;<strong>Alberto Rota<\/strong>&nbsp;(deux soldats)<br><strong>Emilio Guidotti<\/strong>&nbsp;(le dieu Mercure)<br><strong>Elena Zilio<\/strong>&nbsp;(H\u00e9cube)<br><br>Milan, 8 avril 2014<br><a href=\"https:\/\/www.youtube.com\/watch?v=j-x2TF-bebg#t=58\" target=\"_blank\" rel=\"noreferrer noopener\">www.youtube.com\/watch?v=j-x2TF-bebg#t=58<\/a><\/td><\/tr><tr><td colspan=\"2\">&nbsp;<\/td><\/tr><tr><td colspan=\"2\"><em><strong>Le Jeune P\u00e2tre breton<\/strong><\/em><\/td><\/tr><tr><td colspan=\"2\">&nbsp;<\/td><\/tr><tr><td colspan=\"2\">Mar\u00eda Eugenia Boix, soprano<br>Javier Bonet, cor naturel<br>Miriam G\u00f3mez-Mor\u00e1n, piano \u00c9rard<br>(2012)<br><a href=\"https:\/\/www.youtube.com\/watch?v=I5CWfQ0W97A\">https:\/\/www.youtube.com\/watch?v=I5CWfQ0W97A<\/a><\/td><\/tr><tr><td colspan=\"2\">&nbsp;<\/td><\/tr><tr><td colspan=\"2\">John Aler, t\u00e9nor<br>Bernd Schenk, cor<br>Cord Garben, piano<br>(1991)<br><br><a href=\"https:\/\/www.youtube.com\/watch?v=rcqprCO5g08\">https:\/\/www.youtube.com\/watch?v=rcqprCO5g08<\/a><\/td><\/tr><\/tbody><\/table><\/figure>\n","protected":false},"excerpt":{"rendered":"<p>\u0152uvres musicales Un vaste choix d&#8217;\u0153uvres musicales d&#8217;Hector Berlioz est en \u00e9coute libre dans le site YouTube\u00a0:www.youtube.com\/results?search_query=Berlioz&amp;oq=Berlioz&amp;gs_l=youtube.12&#8230;0.0.1.158.0.0.0.0.0.0.0.0..0.0&#8230;0.0&#8230;1ac.aEVVxl6T0aA &nbsp; Messe solennelle, Resurrexit &nbsp; Monteverdi ChoirOrchestre R\u00e9volutionnaire et RomantiqueSir John Eliot Gardiner, [&hellip;]<\/p>\n","protected":false},"author":1,"featured_media":3243,"parent":16,"menu_order":0,"comment_status":"closed","ping_status":"closed","template":"","meta":{"footnotes":""},"class_list":["post-2822","page","type-page","status-publish","has-post-thumbnail","hentry"],"_links":{"self":[{"href":"https:\/\/www.berlioz-anhb.com\/index.php\/wp-json\/wp\/v2\/pages\/2822","targetHints":{"allow":["GET"]}}],"collection":[{"href":"https:\/\/www.berlioz-anhb.com\/index.php\/wp-json\/wp\/v2\/pages"}],"about":[{"href":"https:\/\/www.berlioz-anhb.com\/index.php\/wp-json\/wp\/v2\/types\/page"}],"author":[{"embeddable":true,"href":"https:\/\/www.berlioz-anhb.com\/index.php\/wp-json\/wp\/v2\/users\/1"}],"replies":[{"embeddable":true,"href":"https:\/\/www.berlioz-anhb.com\/index.php\/wp-json\/wp\/v2\/comments?post=2822"}],"version-history":[{"count":9,"href":"https:\/\/www.berlioz-anhb.com\/index.php\/wp-json\/wp\/v2\/pages\/2822\/revisions"}],"predecessor-version":[{"id":4572,"href":"https:\/\/www.berlioz-anhb.com\/index.php\/wp-json\/wp\/v2\/pages\/2822\/revisions\/4572"}],"up":[{"embeddable":true,"href":"https:\/\/www.berlioz-anhb.com\/index.php\/wp-json\/wp\/v2\/pages\/16"}],"wp:featuredmedia":[{"embeddable":true,"href":"https:\/\/www.berlioz-anhb.com\/index.php\/wp-json\/wp\/v2\/media\/3243"}],"wp:attachment":[{"href":"https:\/\/www.berlioz-anhb.com\/index.php\/wp-json\/wp\/v2\/media?parent=2822"}],"curies":[{"name":"wp","href":"https:\/\/api.w.org\/{rel}","templated":true}]}}