{"id":2815,"date":"2024-07-22T23:40:09","date_gmt":"2024-07-22T21:40:09","guid":{"rendered":"http:\/\/obkgqww.cluster023.hosting.ovh.net\/?page_id=2815"},"modified":"2025-12-30T21:32:47","modified_gmt":"2025-12-30T20:32:47","slug":"lire","status":"publish","type":"page","link":"https:\/\/www.berlioz-anhb.com\/index.php\/mieux-connaitre-berlioz\/lire\/","title":{"rendered":"Lire"},"content":{"rendered":"\n<div class=\"wp-block-group\"><div class=\"wp-block-group__inner-container is-layout-constrained wp-block-group-is-layout-constrained\">\n<figure class=\"wp-block-table\"><table class=\"has-fixed-layout\"><tbody><tr><td colspan=\"2\"><strong><mark style=\"background-color:rgba(0, 0, 0, 0)\" class=\"has-inline-color has-luminous-vivid-orange-color\">\u0152uvres litt\u00e9raires<\/mark><\/strong><\/td><\/tr><tr><td colspan=\"2\">&nbsp;<\/td><\/tr><tr><td colspan=\"2\"><strong>Dictionnaire des \u00e9crits de Compositeurs<\/strong><br><br>Hector Berlioz est pr\u00e9sent dans Dicteco (Dictionnaire des \u00e9crits de Compositeurs). Lui est associ\u00e9 un ensemble d&#8217;entit\u00e9s (ouvrages, chapitres d&#8217;ouvrages, articles, anthologies, paratextes, documents).<br><a href=\"https:\/\/dicteco.huma-num.fr\/fr\/person\/1998\" target=\"_blank\" rel=\"noreferrer noopener\">https:\/\/dicteco.huma-num.fr\/fr\/person\/1998<\/a><\/td><\/tr><tr><td colspan=\"2\">&nbsp;<\/td><\/tr><tr><td colspan=\"2\"><strong><em>Voyage musical en Allemagne et en Italie : \u00e9tudes sur Beethoven, Gluck et Weber : m\u00e9langes et nouvelles\u00a0<\/em><\/strong>(1844)<br><br>Volume I<br><a href=\"http:\/\/gallica.bnf.fr\/ark:\/12148\/bpt6k103070d.r=Hector+Berlioz.langFR\" target=\"_blank\" rel=\"noreferrer noopener\">http:\/\/gallica.bnf.fr\/ark:\/12148\/bpt6k103070d.r=Hector+Berlioz.langFR<\/a><br>Volume II<br><a href=\"https:\/\/gallica.bnf.fr\/ark:\/12148\/bpt6k103071s.r=Hector+Berlioz.langFR\" target=\"_blank\" rel=\"noreferrer noopener\">https:\/\/gallica.bnf.fr\/ark:\/12148\/bpt6k103071s.r=Hector+Berlioz.langFR<\/a><br><br><br><strong><em>Grand Trait\u00e9 d&#8217;instrumention et d&#8217;orchestration modernes<\/em><\/strong>\u00a0(1843)<br>B\u00e9atrice Didier\u00a0:\u00a0<em>Berlioz et l&#8217;instrumentation de l&#8217;avenir<\/em><br><br>Voir la vid\u00e9o de la communication\u00a0:<a href=\"https:\/\/vimeo.com\/155100032\"><br><\/a><a href=\"https:\/\/vimeo.com\/155100032\" target=\"_blank\" rel=\"noreferrer noopener\">https:\/\/vimeo.com\/155100032<\/a><br><br>Le XIXe si\u00e8cle face au futur. Penser, repr\u00e9senter, r\u00eaver l&#8217;avenir au XIXe si\u00e8cle<br><a href=\"https:\/\/serd.hypotheses.org\/le-xixe-siecle-au-futur\" target=\"_blank\" rel=\"noreferrer noopener\">https:\/\/serd.hypotheses.org\/le-xixe-siecle-au-futur<\/a><a href=\"https:\/\/serd.hypotheses.org\/le-xixe-siecle-au-futur\n\"><br><\/a><strong><em><br><\/em><\/strong><br><strong><em>Les Soir\u00e9es de l&#8217;orchestre\u00a0<\/em><\/strong>(3\/1878)<br><a href=\"http:\/\/gallica.bnf.fr\/ark:\/12148\/bpt6k101876m.r=les+soir%C3%A9es+de+l%27orchestre.langFR\" target=\"_blank\" rel=\"noreferrer noopener\">http:\/\/gallica.bnf.fr\/ark:\/12148\/bpt6k101876m.r=les+soir%C3%A9es+de+l%27orchestre.langFR\u00a0<\/a><br><br><br><strong><em>Les Grotesques de la musique\u00a0<\/em><\/strong>(1859)<br><a href=\"http:\/\/gallica.bnf.fr\/ark:\/12148\/bpt6k1030683.r=les+grotesques+de+la+musique.langFR\" target=\"_blank\" rel=\"noreferrer noopener\">http:\/\/gallica.bnf.fr\/ark:\/12148\/bpt6k1030683.r=les+grotesques+de+la+musique.langFR<\/a><strong><em>\u00a0<\/em><\/strong><br><br><br><strong><em>\u00c0 travers chants\u00a0<\/em><\/strong>(1862)<br><a href=\"http:\/\/gallica.bnf.fr\/ark:\/12148\/bpt6k103069g.r=a+travers+chants.langFR\" target=\"_blank\" rel=\"noreferrer noopener\">http:\/\/gallica.bnf.fr\/ark:\/12148\/bpt6k103069g.r=a+travers+chants.langFR<\/a>\u00a0<br><br><br><strong><em>M\u00e9moires d&#8217;Hector Berlioz\u00a0<\/em><\/strong><br>(\u00e9dition de 1878)<br><br>Volume I<br><a href=\"http:\/\/gallica.bnf.fr\/ark:\/12148\/bpt6k36210w.r=m%C3%A9moires+d%27hector+berlioz.langFR\" target=\"_blank\" rel=\"noreferrer noopener\">http:\/\/gallica.bnf.fr\/ark:\/12148\/bpt6k36210w.r=m%C3%A9moires+d%27hector+berlioz.langFR<\/a><br>Volume II<br><a href=\"http:\/\/gallica.bnf.fr\/ark:\/12148\/bpt6k362117.r=m%C3%A9moires+d%27hector+berlioz.langFR\" target=\"_blank\" rel=\"noreferrer noopener\">http:\/\/gallica.bnf.fr\/ark:\/12148\/bpt6k362117.r=m%C3%A9moires+d%27hector+berlioz.langFR<\/a>\u00a0<br><br><br><strong>Feuilletons<\/strong><br>Berlioz collabora au\u00a0<em>Journal des d\u00e9bats\u00a0<\/em>de 1835 \u00e0 1863. Les quelque quatre cents articles qu&#8217;il r\u00e9digea pendant cette p\u00e9riode sont accessibles sur le site Gallica de la Biblioth\u00e8que nationale de France.<br><a href=\"http:\/\/gallica.bnf.fr\/ark:\/12148\/cb39294634r\/date\" target=\"_blank\" rel=\"noreferrer noopener\">http:\/\/gallica.bnf.fr\/ark:\/12148\/cb39294634r\/date<\/a><\/td><\/tr><tr><td colspan=\"2\">&nbsp;<\/td><\/tr><tr><td colspan=\"2\"><strong><mark style=\"background-color:rgba(0, 0, 0, 0)\" class=\"has-inline-color has-luminous-vivid-orange-color\"><em>\u00a0Correspondance\u00a0<\/em>d&#8217;Hector Berlioz<\/mark><\/strong><\/td><\/tr><tr><td colspan=\"2\">Un vaste choix de lettres autographes d&#8217;Hector Berlioz est en consultation libre sur le site Gallica de la Biblioth\u00e8que nationale de France&nbsp;:<br><a href=\"http:\/\/gallica.bnf.fr\/Search?ArianeWireIndex=index&amp;p=1%3C=FR&amp;q=Lettre+de+Hector+Berlioz\" target=\"_blank\" rel=\"noreferrer noopener\">http:\/\/gallica.bnf.fr\/Search?ArianeWireIndex=index&amp;p=1&amp;lang=FR&amp;q=Lettre+de+Hector+Berlioz<\/a><\/td><\/tr><tr><td colspan=\"2\">&nbsp;<\/td><\/tr><\/tbody><\/table><\/figure>\n<\/div><\/div>\n","protected":false},"excerpt":{"rendered":"<p>\u0152uvres litt\u00e9raires &nbsp; Dictionnaire des \u00e9crits de Compositeurs Hector Berlioz est pr\u00e9sent dans Dicteco (Dictionnaire des \u00e9crits de Compositeurs). Lui est associ\u00e9 un ensemble d&#8217;entit\u00e9s (ouvrages, chapitres d&#8217;ouvrages, articles, anthologies, [&hellip;]<\/p>\n","protected":false},"author":1,"featured_media":3243,"parent":16,"menu_order":0,"comment_status":"closed","ping_status":"closed","template":"","meta":{"footnotes":""},"class_list":["post-2815","page","type-page","status-publish","has-post-thumbnail","hentry"],"_links":{"self":[{"href":"https:\/\/www.berlioz-anhb.com\/index.php\/wp-json\/wp\/v2\/pages\/2815","targetHints":{"allow":["GET"]}}],"collection":[{"href":"https:\/\/www.berlioz-anhb.com\/index.php\/wp-json\/wp\/v2\/pages"}],"about":[{"href":"https:\/\/www.berlioz-anhb.com\/index.php\/wp-json\/wp\/v2\/types\/page"}],"author":[{"embeddable":true,"href":"https:\/\/www.berlioz-anhb.com\/index.php\/wp-json\/wp\/v2\/users\/1"}],"replies":[{"embeddable":true,"href":"https:\/\/www.berlioz-anhb.com\/index.php\/wp-json\/wp\/v2\/comments?post=2815"}],"version-history":[{"count":8,"href":"https:\/\/www.berlioz-anhb.com\/index.php\/wp-json\/wp\/v2\/pages\/2815\/revisions"}],"predecessor-version":[{"id":4715,"href":"https:\/\/www.berlioz-anhb.com\/index.php\/wp-json\/wp\/v2\/pages\/2815\/revisions\/4715"}],"up":[{"embeddable":true,"href":"https:\/\/www.berlioz-anhb.com\/index.php\/wp-json\/wp\/v2\/pages\/16"}],"wp:featuredmedia":[{"embeddable":true,"href":"https:\/\/www.berlioz-anhb.com\/index.php\/wp-json\/wp\/v2\/media\/3243"}],"wp:attachment":[{"href":"https:\/\/www.berlioz-anhb.com\/index.php\/wp-json\/wp\/v2\/media?parent=2815"}],"curies":[{"name":"wp","href":"https:\/\/api.w.org\/{rel}","templated":true}]}}