{"id":14,"date":"2024-06-01T10:20:34","date_gmt":"2024-06-01T08:20:34","guid":{"rendered":"http:\/\/obkgqww.cluster023.hosting.ovh.net\/?page_id=14"},"modified":"2025-03-20T14:48:46","modified_gmt":"2025-03-20T13:48:46","slug":"lassociation","status":"publish","type":"page","link":"https:\/\/www.berlioz-anhb.com\/index.php\/lassociation\/","title":{"rendered":"L&#8217;Association"},"content":{"rendered":"\n<p><\/p>\n\n\n\n<h3 class=\"wp-block-heading\"><strong>Le Mot du Pr\u00e9sident<\/strong><\/h3>\n\n\n\n<p>Faut-il \u00eatre anglais pour aimer la musique de Berlioz&nbsp;? On l&#8217;a dit. Fran\u00e7ais pour faire comme si elle n&#8217;existait pas ? On l&#8217;a cru. Tandis que les Allemands pointaient ses fausses basses et les Italiens sa vocalit\u00e9 barbare\u2026 Tout cela est loin&nbsp;: personne, ou presque, n\u2019ose \u00e0 pr\u00e9sent contester le g\u00e9nie d\u2019un des plus hardis repr\u00e9sentants du Romantisme europ\u00e9en. Le progr\u00e8s accompli depuis le centenaire de la mort, en 1969, est consid\u00e9rable&nbsp;: presque toute sa musique a \u00e9t\u00e9 enregistr\u00e9e, l\u2019\u00e9dition critique de ses partitions et la publication du vaste corpus de ses \u00e9crits (correspondance, <em>M\u00e9moires<\/em>, feuilletons) entreprise le plus souvent \u00e0 l&#8217;initiative ou sous l&#8217;\u00e9gide de notre association, est achev\u00e9e. Quant \u00e0 la personnalit\u00e9 de Berlioz, objet de tant de gloses et de fantasmes, la vaste biographie de David Cairns, l\u2019iconographie de Gunther Braam et les monographies de Pascal Beyls consacr\u00e9es \u00e0 ses proches, ont mis un terme aux colportages fantaisistes r\u00e9chauff\u00e9s \u00e0 tire-larigot. Les buts que se proposait l\u2019Association nationale Hector Berlioz en 1969, sont atteints, au-del\u00e0 de ce que pouvaient esp\u00e9rer ceux qui y ont adh\u00e9r\u00e9 l&#8217;\u00e9poque. Le moment \u00e9tait venu de r\u00e9nover notre site. C&#8217;est chose faite, ou presque, dans la mesure o\u00f9 toutes les suggestions des visiteurs seront les bienvenues.<\/p>\n\n\n\n<p>Il ne resterait plus, donc, qu\u2019\u00e0 go\u00fbter un repos bien gagn\u00e9\u2026 Tout au contraire, il importe d\u2019\u00eatre plus vigilants que jamais. Berlioz, en effet, ne saurait \u00eatre un monument historique. Pas plus qu\u2019aucun artiste, du reste, mais certains s\u2019en accommodent mieux que d\u2019autres&nbsp;; le <em>statu(e) quo<\/em> ne lui convient pas. Berlioz doit rester un franc-tireur de l\u2019Art, un exemple de r\u00e9bellion fructueuse. Et c\u2019est cette \u00e9vidence qu\u2019il s\u2019agit de pr\u00e9server, de servir.<\/p>\n\n\n\n<p>Berlioz a encore des adversaires <strong>\u2013<\/strong> qui n&#8217;en n&#8217;a pas, de Mozart \u00e0 Rapha\u00ebl, de Bouddha \u00e0 J\u00e9sus Christ&nbsp;? <strong>\u2013<\/strong> mais ils se taisent. Il faudrait sans doute leur (re)donner la parole, susciter le d\u00e9bat&nbsp;: choyons nos ennemis, car ils sont notre vigilance&nbsp;; comme le serpent biblique, cause de la chute et instrument de la connaissance, ils nous extirpent du Paradis de la consensualit\u00e9 mortif\u00e8re.<\/p>\n\n\n\n<div class=\"wp-block-media-text is-stacked-on-mobile\" style=\"grid-template-columns:22% auto\"><figure class=\"wp-block-media-text__media\"><img loading=\"lazy\" decoding=\"async\" width=\"2150\" height=\"1434\" src=\"http:\/\/obkgqww.cluster023.hosting.ovh.net\/wp-content\/uploads\/2024\/08\/president.jpg\" alt=\"\" class=\"wp-image-3744 size-full\" srcset=\"https:\/\/www.berlioz-anhb.com\/wp-content\/uploads\/2024\/08\/president.jpg 2150w, https:\/\/www.berlioz-anhb.com\/wp-content\/uploads\/2024\/08\/president-300x200.jpg 300w, https:\/\/www.berlioz-anhb.com\/wp-content\/uploads\/2024\/08\/president-1024x683.jpg 1024w, https:\/\/www.berlioz-anhb.com\/wp-content\/uploads\/2024\/08\/president-768x512.jpg 768w, https:\/\/www.berlioz-anhb.com\/wp-content\/uploads\/2024\/08\/president-1536x1024.jpg 1536w, https:\/\/www.berlioz-anhb.com\/wp-content\/uploads\/2024\/08\/president-2048x1366.jpg 2048w\" sizes=\"auto, (max-width: 2150px) 100vw, 2150px\" \/><\/figure><div class=\"wp-block-media-text__content\">\n<p>Autant dire qu\u2019il reste \u00e0 faire et que, s\u2019il n\u2019est plus n\u00e9cessaire, comme autrefois, d\u2019adh\u00e9rer \u00e0 l\u2019AnHB pour que Berlioz vive, il est urgent d\u2019adh\u00e9rer pour que notre association poursuive son action. Depuis vingt ans nous nous sommes efforc\u00e9s de nourrir nos publications de contributions originales. Comptes rendus de concerts marquants, de repr\u00e9sentations d\u2019op\u00e9ras, de livres et de disques trouvent leur place dans le <em>Bulletin annuel <\/em>(qui s\u2019efforce d\u2019\u00eatre toujours plus digne de la haute valeur intellectuelle et esth\u00e9tique de son h\u00e9ros) et dans <em>L\u00e9lio <\/em>qui s&#8217;en distingue notamment par les <em>Bonnes feuilles<\/em> qui donnent \u00e0 (re)lire des textes historiques de r\u00e9f\u00e9rence sur Berlioz et sur ses \u0153uvres.<\/p>\n<\/div><\/div>\n\n\n\n<p><\/p>\n\n\n\n<p>Un dernier mot, essentiel&nbsp;: l\u2019AnHB n\u2019est pas le domaine r\u00e9serv\u00e9 des membres de son Conseil d\u2019administration, aussi les id\u00e9es, les propositions, de toutes et de tous sont-elles les bienvenues.<\/p>\n\n\n\n<p class=\"has-text-align-right\">G\u00e9rard Cond\u00e9<\/p>\n\n\n\n<p><\/p>\n\n\n\n<p>L\u00e9gende de l\u2019image : \u00ab&nbsp;Qui ne rougit admire en vain&nbsp;\u00bb (Lao Tseu)<\/p>\n","protected":false},"excerpt":{"rendered":"<p>Le Mot du Pr\u00e9sident Faut-il \u00eatre anglais pour aimer la musique de Berlioz&nbsp;? On l&#8217;a dit. Fran\u00e7ais pour faire comme si elle n&#8217;existait pas ? On l&#8217;a cru. Tandis que [&hellip;]<\/p>\n","protected":false},"author":1,"featured_media":4280,"parent":0,"menu_order":0,"comment_status":"closed","ping_status":"closed","template":"","meta":{"footnotes":""},"class_list":["post-14","page","type-page","status-publish","has-post-thumbnail","hentry"],"_links":{"self":[{"href":"https:\/\/www.berlioz-anhb.com\/index.php\/wp-json\/wp\/v2\/pages\/14","targetHints":{"allow":["GET"]}}],"collection":[{"href":"https:\/\/www.berlioz-anhb.com\/index.php\/wp-json\/wp\/v2\/pages"}],"about":[{"href":"https:\/\/www.berlioz-anhb.com\/index.php\/wp-json\/wp\/v2\/types\/page"}],"author":[{"embeddable":true,"href":"https:\/\/www.berlioz-anhb.com\/index.php\/wp-json\/wp\/v2\/users\/1"}],"replies":[{"embeddable":true,"href":"https:\/\/www.berlioz-anhb.com\/index.php\/wp-json\/wp\/v2\/comments?post=14"}],"version-history":[{"count":40,"href":"https:\/\/www.berlioz-anhb.com\/index.php\/wp-json\/wp\/v2\/pages\/14\/revisions"}],"predecessor-version":[{"id":4311,"href":"https:\/\/www.berlioz-anhb.com\/index.php\/wp-json\/wp\/v2\/pages\/14\/revisions\/4311"}],"wp:featuredmedia":[{"embeddable":true,"href":"https:\/\/www.berlioz-anhb.com\/index.php\/wp-json\/wp\/v2\/media\/4280"}],"wp:attachment":[{"href":"https:\/\/www.berlioz-anhb.com\/index.php\/wp-json\/wp\/v2\/media?parent=14"}],"curies":[{"name":"wp","href":"https:\/\/api.w.org\/{rel}","templated":true}]}}