{"id":112,"date":"2024-07-02T10:02:08","date_gmt":"2024-07-02T08:02:08","guid":{"rendered":"http:\/\/obkgqww.cluster023.hosting.ovh.net\/?page_id=112"},"modified":"2026-04-01T11:40:02","modified_gmt":"2026-04-01T09:40:02","slug":"adherer","status":"publish","type":"page","link":"https:\/\/www.berlioz-anhb.com\/index.php\/lassociation\/adherer\/","title":{"rendered":"Adh\u00e9rer"},"content":{"rendered":"<div class=\"wpb-content-wrapper\"><p>[vc_row][vc_column][vc_separator border_width=&#8221;2&#8243; css=&#8221;&#8221;][vc_column_text css=&#8221;&#8221;]<\/p>\r\n\r\n<figure class=\"wp-block-table is-style-stripes\">\r\n<table class=\"has-fixed-layout\">\r\n<tbody>\r\n<tr>\r\n<td><strong>Cotisations 2026<\/strong><\/td>\r\n<td>\u00a0<\/td>\r\n<\/tr>\r\n<tr>\r\n<td>Soci\u00e9taire<br \/>\u00c9tudiant\/\u00e9tudiante<br \/>Membre bienfaiteur\/bienfaitrice<\/td>\r\n<td>40 \u20ac<br \/>15 \u20ac<br \/>60 \u20ac et plus<\/td>\r\n<\/tr>\r\n<\/tbody>\r\n<\/table>\r\n<\/figure>\r\n<p><\/p>\r\n\r\n<div class=\"wp-block-group\">\r\n<figure class=\"wp-block-pullquote\">\r\n<blockquote>\r\n<h4><em>Avantage fiscal<br \/>66% des dons sont d\u00e9ductibles de l\u2019imp\u00f4t sur le revenu<br \/>dans la limite de 20% du revenu imposable<\/em><\/h4>\r\n<\/blockquote>\r\n<\/figure>\r\n\r\n<h5> Vous pouvez r\u00e9gler votre cotisation<\/h5>\r\n\r\n<p>&nbsp;<\/p>\r\n<p><\/p>\r\n<hr class=\"wp-block-separator has-alpha-channel-opacity\" \/>\r\n<p><\/p>\r\n<p><\/p>\r\n<ul class=\"wp-block-list\">\r\n<li style=\"list-style-type: none;\">\r\n<ul class=\"wp-block-list\">\r\n<li><strong>Par voie postale<\/strong><\/li>\r\n<\/ul>\r\n<\/li>\r\n<\/ul>\r\n<p><\/p>\r\n<table class=\"has-fixed-layout\">\r\n<tbody>\r\n<tr>\r\n<td>En renvoyant le formulaire ci-dessous et votre ch\u00e8que de cotisation \u00e0<\/td>\r\n<td>\u00a0<\/td>\r\n<\/tr>\r\n<tr>\r\n<td>\r\n<p>AnHB<\/p>\r\n<p>Mus\u00e9e Hector-Berlioz<\/p>\r\n<p>69, rue de la R\u00e9publique<\/p>\r\n<p>38260 La C\u00f4te-Saint-Andr\u00e9<\/p>\r\n<\/td>\r\n<td>\u00a0<\/td>\r\n<\/tr>\r\n<\/tbody>\r\n<\/table>\r\n<p><!-- \/wp:post-content --><\/p>\r\n<p><strong><a href=\"https:\/\/www.berlioz-anhb.com\/wp-content\/uploads\/2024\/08\/formulaire-dadhesion-AnHB.pdf\" target=\"_blank\" rel=\"noopener\"><em> &gt; T\u00e9l\u00e9charger le formulaire d&#8217;adh\u00e9sion<\/em><\/a><\/strong><\/p>\r\n<p><!-- \/wp:paragraph --><\/p>\r\n<p><!-- wp:paragraph --><!-- \/wp:paragraph --><\/p>\r\n<p><!-- wp:separator --><\/p>\r\n<hr class=\"wp-block-separator has-alpha-channel-opacity\" \/>\r\n<p><!-- \/wp:separator --><\/p>\r\n<p><!-- wp:list --><\/p>\r\n<ul class=\"wp-block-list\">\r\n<li style=\"list-style-type: none;\">\r\n<ul class=\"wp-block-list\"><!-- wp:list-item -->\r\n<li><strong>Par virement bancaire<\/strong><\/li>\r\n<\/ul>\r\n<\/li>\r\n<\/ul>\r\n<p><!-- \/wp:list-item --><!-- \/wp:list --><!-- \/wp:paragraph --><\/p>\r\n<table class=\"has-fixed-layout\">\r\n<tbody>\r\n<tr>\r\n<td>sur le compte bancaire de l\u2019AnHB en pr\u00e9cisant votre nom<\/td>\r\n<td>\u00a0<\/td>\r\n<\/tr>\r\n<tr>\r\n<td>CIC de La C\u00f4te-Saint-Andr\u00e9<br \/>IBAN : FR76 1009 6182 0600 0246 2680 261<br \/>BIC : CMCIFRPP<\/td>\r\n<td>\u00a0<\/td>\r\n<\/tr>\r\n<\/tbody>\r\n<\/table>\r\n<p><!-- \/wp:group -->et en renvoyant le formulaire ci-dessous si vos coordonn\u00e9es ont chang\u00e9<\/p>\r\n<p><strong><a href=\"https:\/\/www.berlioz-anhb.com\/wp-content\/uploads\/2024\/08\/formulaire-dadhesion-AnHB.pdf\" target=\"_blank\" rel=\"noopener\"><em> &gt; T\u00e9l\u00e9charger le formulaire d&#8217;adh\u00e9sion<\/em><\/a><\/strong><\/p>\r\n<p><strong><a href=\"http:\/\/obkgqww.cluster023.hosting.ovh.net\/wp-content\/uploads\/2024\/08\/formulaire-dadhesion-AnHB.pdf\" target=\"_blank\" rel=\"noopener\"><em><!-- wp:image {\"id\":3587,\"width\":\"32px\",\"height\":\"32px\",\"scale\":\"contain\",\"sizeSlug\":\"full\",\"linkDestination\":\"none\"} --><\/em><\/a><\/strong><\/p>\r\n<figure class=\"wp-block-image size-full is-resized\"><strong><em>\u00a0\u00a0<\/em><\/strong><\/figure>\r\n<p>&nbsp;<\/p>\r\n<p>[\/vc_column_text][vc_separator border_width=&#8221;2&#8243; css=&#8221;&#8221;][\/vc_column][\/vc_row]<\/p>\r\n<\/div><\/div>","protected":false},"excerpt":{"rendered":"<p>[vc_row][vc_column][vc_separator border_width=&#8221;2&#8243; css=&#8221;&#8221;][vc_column_text css=&#8221;&#8221;] Cotisations 2026 \u00a0 Soci\u00e9taire\u00c9tudiant\/\u00e9tudianteMembre bienfaiteur\/bienfaitrice 40 \u20ac15 \u20ac60 \u20ac et plus Avantage fiscal66% des dons sont d\u00e9ductibles de l\u2019imp\u00f4t sur le revenudans la limite de 20% [&hellip;]<\/p>\n","protected":false},"author":1,"featured_media":4261,"parent":14,"menu_order":0,"comment_status":"closed","ping_status":"closed","template":"","meta":{"footnotes":""},"class_list":["post-112","page","type-page","status-publish","has-post-thumbnail","hentry"],"_links":{"self":[{"href":"https:\/\/www.berlioz-anhb.com\/index.php\/wp-json\/wp\/v2\/pages\/112","targetHints":{"allow":["GET"]}}],"collection":[{"href":"https:\/\/www.berlioz-anhb.com\/index.php\/wp-json\/wp\/v2\/pages"}],"about":[{"href":"https:\/\/www.berlioz-anhb.com\/index.php\/wp-json\/wp\/v2\/types\/page"}],"author":[{"embeddable":true,"href":"https:\/\/www.berlioz-anhb.com\/index.php\/wp-json\/wp\/v2\/users\/1"}],"replies":[{"embeddable":true,"href":"https:\/\/www.berlioz-anhb.com\/index.php\/wp-json\/wp\/v2\/comments?post=112"}],"version-history":[{"count":71,"href":"https:\/\/www.berlioz-anhb.com\/index.php\/wp-json\/wp\/v2\/pages\/112\/revisions"}],"predecessor-version":[{"id":4795,"href":"https:\/\/www.berlioz-anhb.com\/index.php\/wp-json\/wp\/v2\/pages\/112\/revisions\/4795"}],"up":[{"embeddable":true,"href":"https:\/\/www.berlioz-anhb.com\/index.php\/wp-json\/wp\/v2\/pages\/14"}],"wp:featuredmedia":[{"embeddable":true,"href":"https:\/\/www.berlioz-anhb.com\/index.php\/wp-json\/wp\/v2\/media\/4261"}],"wp:attachment":[{"href":"https:\/\/www.berlioz-anhb.com\/index.php\/wp-json\/wp\/v2\/media?parent=112"}],"curies":[{"name":"wp","href":"https:\/\/api.w.org\/{rel}","templated":true}]}}